{"id":570,"date":"2022-04-29T18:00:15","date_gmt":"2022-04-29T21:00:15","guid":{"rendered":"http:\/\/c1301678.ferozo.com\/?page_id=570"},"modified":"2022-05-23T13:40:17","modified_gmt":"2022-05-23T16:40:17","slug":"equipo","status":"publish","type":"page","link":"http:\/\/shilton.com.ar\/eng\/equipo\/","title":{"rendered":"Equipo"},"content":{"rendered":"<div data-elementor-type=\"wp-page\" data-elementor-id=\"570\" class=\"elementor elementor-570\">\n\t\t\t\t\t\t<section class=\"elementor-section elementor-top-section elementor-element elementor-element-44a37650 elementor-section-full_width elementor-section-height-min-height elementor-section-stretched elementor-section-height-default elementor-section-items-middle\" data-id=\"44a37650\" data-element_type=\"section\" data-e-type=\"section\" data-settings=\"{&quot;stretch_section&quot;:&quot;section-stretched&quot;,&quot;background_background&quot;:&quot;classic&quot;}\">\n\t\t\t\t\t\t\t<div class=\"elementor-background-overlay\"><\/div>\n\t\t\t\t\t\t\t<div class=\"elementor-container elementor-column-gap-default\">\n\t\t\t\t\t<div class=\"elementor-column elementor-col-100 elementor-top-column elementor-element elementor-element-1e24b9d9\" data-id=\"1e24b9d9\" data-element_type=\"column\" data-e-type=\"column\">\n\t\t\t<div class=\"elementor-widget-wrap elementor-element-populated\">\n\t\t\t\t\t\t<div class=\"elementor-element elementor-element-62312d6a elementor-widget elementor-widget-heading\" data-id=\"62312d6a\" data-element_type=\"widget\" data-e-type=\"widget\" data-widget_type=\"heading.default\">\n\t\t\t\t<div class=\"elementor-widget-container\">\n\t\t\t\t\t<h2 class=\"elementor-heading-title elementor-size-default\">join our team<\/h2>\t\t\t\t<\/div>\n\t\t\t\t<\/div>\n\t\t\t\t\t<\/div>\n\t\t<\/div>\n\t\t\t\t\t<\/div>\n\t\t<\/section>\n\t\t\t\t<section class=\"elementor-section elementor-top-section elementor-element elementor-element-8f0b863 elementor-section-boxed elementor-section-height-default elementor-section-height-default\" data-id=\"8f0b863\" data-element_type=\"section\" data-e-type=\"section\">\n\t\t\t\t\t\t<div class=\"elementor-container elementor-column-gap-default\">\n\t\t\t\t\t<div class=\"elementor-column elementor-col-100 elementor-top-column elementor-element elementor-element-696f26a\" data-id=\"696f26a\" data-element_type=\"column\" data-e-type=\"column\">\n\t\t\t<div class=\"elementor-widget-wrap elementor-element-populated\">\n\t\t\t\t\t\t<div class=\"elementor-element elementor-element-9353c8c elementor-widget elementor-widget-text-editor\" data-id=\"9353c8c\" data-element_type=\"widget\" data-e-type=\"widget\" data-widget_type=\"text-editor.default\">\n\t\t\t\t<div class=\"elementor-widget-container\">\n\t\t\t\t\t\t\t\t\t<div class=\"page\" title=\"Page 1\"><div class=\"layoutArea\"><div class=\"column\"><div class=\"page\" title=\"Page 1\"><div class=\"section\"><div class=\"layoutArea\"><div class=\"column\"><p>If you are a public accountant or student in the last years of the public accounting career, you are welcome to submit your CV.<\/p><\/div><\/div><\/div><\/div><\/div><\/div><\/div>\t\t\t\t\t\t\t\t<\/div>\n\t\t\t\t<\/div>\n\t\t\t\t<div class=\"elementor-element elementor-element-156361e elementor-widget elementor-widget-shortcode\" data-id=\"156361e\" data-element_type=\"widget\" data-e-type=\"widget\" data-widget_type=\"shortcode.default\">\n\t\t\t\t<div class=\"elementor-widget-container\">\n\t\t\t\t\t\t\t<div class=\"elementor-shortcode\"><div class=\"forminator-ui forminator-custom-form forminator-custom-form-569 forminator-design--default  forminator_ajax\" data-forminator-render=\"0\" data-form=\"forminator-module-569\" data-uid=\"69e4c586a0446\"><br\/><\/div><form\n\t\t\t\tid=\"forminator-module-569\"\n\t\t\t\tclass=\"forminator-ui forminator-custom-form forminator-custom-form-569 forminator-design--default  forminator_ajax\"\n\t\t\t\tmethod=\"post\"\n\t\t\t\tdata-forminator-render=\"0\"\n\t\t\t\tdata-form-id=\"569\"\n\t\t\t\tenctype=\"multipart\/form-data\" data-color-option=\"default\" data-design=\"default\" data-grid=\"open\" style=\"display: none;\"\n\t\t\t\tdata-uid=\"69e4c586a0446\" action=\"\"\n\t\t\t><div role=\"alert\" aria-live=\"polite\" class=\"forminator-response-message forminator-error\" aria-hidden=\"true\"><\/div><div class=\"forminator-row\"><div id=\"name-2\" class=\"forminator-field-name forminator-col forminator-col-6\"><div class=\"forminator-field\"><label for=\"forminator-field-name-2_69e4c586a0446\" id=\"forminator-field-name-2_69e4c586a0446-label\" class=\"forminator-label\">Name <span class=\"forminator-required\">*<\/span><\/label><input type=\"text\" name=\"name-2\" value=\"\" placeholder=\"First Name\" id=\"forminator-field-name-2_69e4c586a0446\" class=\"forminator-input forminator-name--field\" aria-required=\"true\" autocomplete=\"name\" \/><\/div><\/div><div id=\"name-1\" class=\"forminator-field-name forminator-col forminator-col-6\"><div class=\"forminator-field\"><label for=\"forminator-field-name-1_69e4c586a0446\" id=\"forminator-field-name-1_69e4c586a0446-label\" class=\"forminator-label\">Last Name <span class=\"forminator-required\">*<\/span><\/label><input type=\"text\" name=\"name-1\" value=\"\" placeholder=\"First Name\" id=\"forminator-field-name-1_69e4c586a0446\" class=\"forminator-input forminator-name--field\" aria-required=\"true\" autocomplete=\"name\" \/><\/div><\/div><\/div><div class=\"forminator-row\"><div id=\"phone-1\" class=\"forminator-field-phone forminator-col forminator-col-6\"><div class=\"forminator-field\"><label for=\"forminator-field-phone-1_69e4c586a0446\" id=\"forminator-field-phone-1_69e4c586a0446-label\" class=\"forminator-label\">Telephone <span class=\"forminator-required\">*<\/span><\/label><input type=\"text\" name=\"phone-1\" value=\"\" placeholder=\"\" id=\"forminator-field-phone-1_69e4c586a0446\" class=\"forminator-input forminator-field--phone\" data-required=\"1\" aria-required=\"true\" autocomplete=\"off\" \/><\/div><\/div><div id=\"email-1\" class=\"forminator-field-email forminator-col forminator-col-6\"><div class=\"forminator-field\"><label for=\"forminator-field-email-1_69e4c586a0446\" id=\"forminator-field-email-1_69e4c586a0446-label\" class=\"forminator-label\">Email <span class=\"forminator-required\">*<\/span><\/label><input type=\"email\" name=\"email-1\" value=\"\" placeholder=\"\" id=\"forminator-field-email-1_69e4c586a0446\" class=\"forminator-input forminator-email--field\" data-required=\"true\" aria-required=\"true\" autocomplete=\"email\" \/><\/div><\/div><\/div><div class=\"forminator-row\"><div id=\"checkbox-1\" class=\"forminator-field-checkbox forminator-col forminator-col-12\"><div role=\"group\" class=\"forminator-field required\" aria-labelledby=\"forminator-checkbox-group-forminator-field-checkbox-1-69e4c586a0446-label\"><span id=\"forminator-checkbox-group-forminator-field-checkbox-1-69e4c586a0446-label\" class=\"forminator-label\">Area of interest <span class=\"forminator-required\">*<\/span><\/span><label id=\"forminator-field-checkbox-1-1-69e4c586a0446-label\" for=\"forminator-field-checkbox-1-1-69e4c586a0446\" class=\"forminator-checkbox forminator-checkbox-inline\" title=\"Taxes\"><input type=\"checkbox\" name=\"checkbox-1[]\" value=\"Impuestos\" id=\"forminator-field-checkbox-1-1-69e4c586a0446\" aria-labelledby=\"forminator-field-checkbox-1-1-69e4c586a0446-label\" data-calculation=\"0\"  \/><span class=\"forminator-checkbox-box\" aria-hidden=\"true\"><\/span><span class=\"forminator-checkbox-label\">Taxes<\/span><\/label><label id=\"forminator-field-checkbox-1-2-69e4c586a0446-label\" for=\"forminator-field-checkbox-1-2-69e4c586a0446\" class=\"forminator-checkbox forminator-checkbox-inline\" title=\"Audit\"><input type=\"checkbox\" name=\"checkbox-1[]\" value=\"Auditor\u00eda\" id=\"forminator-field-checkbox-1-2-69e4c586a0446\" aria-labelledby=\"forminator-field-checkbox-1-2-69e4c586a0446-label\" data-calculation=\"0\"  \/><span class=\"forminator-checkbox-box\" aria-hidden=\"true\"><\/span><span class=\"forminator-checkbox-label\">Audit<\/span><\/label><label id=\"forminator-field-checkbox-1-3-69e4c586a0446-label\" for=\"forminator-field-checkbox-1-3-69e4c586a0446\" class=\"forminator-checkbox forminator-checkbox-inline\" title=\"Either of them\"><input type=\"checkbox\" name=\"checkbox-1[]\" value=\"Indistinta\" id=\"forminator-field-checkbox-1-3-69e4c586a0446\" aria-labelledby=\"forminator-field-checkbox-1-3-69e4c586a0446-label\" data-calculation=\"0\"  \/><span class=\"forminator-checkbox-box\" aria-hidden=\"true\"><\/span><span class=\"forminator-checkbox-label\">Either of them<\/span><\/label><\/div><\/div><\/div><div class=\"forminator-row\"><div id=\"url-1\" class=\"forminator-field-url forminator-col forminator-col-6\"><div class=\"forminator-field\"><label for=\"forminator-field-url-1_69e4c586a0446\" id=\"forminator-field-url-1_69e4c586a0446-label\" class=\"forminator-label\">University <span class=\"forminator-required\">*<\/span><\/label><input type=\"url\" name=\"url-1\" value=\"\" placeholder=\"\" id=\"forminator-field-url-1_69e4c586a0446\" class=\"forminator-input forminator-website--field\" data-required=\"1\" aria-required=\"true\" \/><\/div><\/div><div id=\"select-1\" class=\"forminator-field-select forminator-col forminator-col-6\"><div class=\"forminator-field\"><label for=\"forminator-form-569__field--select-1_69e4c586a0446\" id=\"forminator-form-569__field--select-1_69e4c586a0446-label\" class=\"forminator-label\">Graduated? <span class=\"forminator-required\">*<\/span><\/label><select  id=\"forminator-form-569__field--select-1_69e4c586a0446\" class=\"forminator-select--field forminator-select2 forminator-select2-multiple\" data-required=\"1\" name=\"select-1\" data-default-value=\"\" data-placeholder=\"Si \/ No\" data-search=\"false\" data-search-placeholder=\"Si \/ No\" data-checkbox=\"false\" data-allow-clear=\"false\" aria-labelledby=\"forminator-form-569__field--select-1_69e4c586a0446-label\"><option value=\"\"  >Yes \/ No<\/option><option value=\"Si\"  data-calculation=\"0\">Yes<\/option><option value=\"No\"  data-calculation=\"0\">No<\/option><\/select><\/div><\/div><\/div><div class=\"forminator-row\"><div id=\"number-1\" class=\"forminator-field-number forminator-col forminator-col-12\"><div class=\"forminator-field\"><label for=\"forminator-field-number-1_69e4c586a0446\" id=\"forminator-field-number-1_69e4c586a0446-label\" class=\"forminator-label\">Cantidad de materias aprobadas: <span class=\"forminator-required\">*<\/span><\/label><input name=\"number-1\" value=\"\" placeholder=\"\" id=\"forminator-field-number-1_69e4c586a0446\" class=\"forminator-input forminator-number--field\" inputmode=\"decimal\" data-required=\"1\" data-decimals=\"0\" aria-required=\"true\" data-inputmask=\"&#039;groupSeparator&#039;: &#039;&#039;, &#039;radixPoint&#039;: &#039;&#039;, &#039;digits&#039;: &#039;0&#039;\" type=\"number\" step=\"any\" min=\"1\" max=\"150\" \/><\/div><\/div><\/div><div class=\"forminator-row\"><div id=\"number-2\" class=\"forminator-field-number forminator-col forminator-col-12\"><div class=\"forminator-field\"><label for=\"forminator-field-number-2_69e4c586a0446\" id=\"forminator-field-number-2_69e4c586a0446-label\" class=\"forminator-label\">Cantidad de materias restantes: <span class=\"forminator-required\">*<\/span><\/label><input name=\"number-2\" value=\"\" placeholder=\"\" id=\"forminator-field-number-2_69e4c586a0446\" class=\"forminator-input forminator-number--field\" inputmode=\"decimal\" data-required=\"1\" data-decimals=\"0\" aria-required=\"true\" data-inputmask=\"&#039;groupSeparator&#039;: &#039;&#039;, &#039;radixPoint&#039;: &#039;&#039;, &#039;digits&#039;: &#039;0&#039;\" type=\"number\" step=\"any\" min=\"1\" max=\"150\" \/><\/div><\/div><\/div><div class=\"forminator-row\"><div id=\"number-3\" class=\"forminator-field-number forminator-col forminator-col-12\"><div class=\"forminator-field\"><label for=\"forminator-field-number-3_69e4c586a0446\" id=\"forminator-field-number-3_69e4c586a0446-label\" class=\"forminator-label\">Desired (net) salary <span class=\"forminator-required\">*<\/span><\/label><input name=\"number-3\" value=\"\" placeholder=\"\" id=\"forminator-field-number-3_69e4c586a0446\" class=\"forminator-input forminator-number--field\" inputmode=\"decimal\" data-required=\"1\" data-decimals=\"0\" aria-required=\"true\" data-inputmask=\"&#039;groupSeparator&#039;: &#039;&#039;, &#039;radixPoint&#039;: &#039;&#039;, &#039;digits&#039;: &#039;0&#039;\" type=\"number\" step=\"any\" min=\"1\" max=\"9999999\" \/><\/div><\/div><\/div><div class=\"forminator-row\"><div id=\"upload-1\" class=\"forminator-field-upload forminator-col forminator-col-12\"><div class=\"forminator-field\"><label for=\"forminator-field-upload-1_69e4c586a0446\" id=\"forminator-field-upload-1_69e4c586a0446-label\" class=\"forminator-label\">Attach CV <span class=\"forminator-required\">*<\/span><\/label><div class=\"forminator-file-upload\" data-element=\"upload-1_69e4c586a0446\"><input type=\"file\" name=\"upload-1\" id=\"forminator-field-upload-1_69e4c586a0446\" class=\"forminator-input-file-required do-validate\" accept=\".jpg,.jpeg,.jpe,.gif,.png,.bmp,.tiff,.tif,.webp,.ico,.heic,.asf,.asx,.wmv,.wmx,.wm,.avi,.divx,.flv,.mov,.qt,.mpeg,.mpg,.mpe,.mp4,.m4v,.ogv,.webm,.mkv,.3gp,.3gpp,.3g2,.3gp2,.txt,.asc,.c,.cc,.h,.srt,.csv,.tsv,.ics,.rtx,.vtt,.mp3,.m4a,.m4b,.aac,.ra,.ram,.wav,.ogg,.oga,.flac,.mid,.midi,.wma,.wax,.mka,.rtf,.pdf,.class,.tar,.zip,.gz,.gzip,.7z,.psd,.xcf,.doc,.pot,.pps,.ppt,.wri,.xla,.xls,.xlt,.xlw,.mdb,.mpp,.docx,.docm,.dotx,.dotm,.xlsx,.xlsm,.xlsb,.xltx,.xltm,.xlam,.pptx,.pptm,.ppsx,.ppsm,.potx,.potm,.ppam,.sldx,.sldm,.onetoc,.onetoc2,.onetmp,.onepkg,.oxps,.xps,.odt,.odp,.ods,.odg,.odc,.odb,.odf,.wp,.wpd,.key,.numbers,.pages\" tabindex=\"-1\"><button id=\"forminator-field-upload-1_69e4c586a0446_button\" class=\"forminator-button forminator-button-upload\" data-id=\"forminator-field-upload-1_69e4c586a0446\">Choose File<\/button><span data-empty-text=\"No file chosen\">No file chosen<\/span><button class=\"forminator-button-delete\" style=\"display: none;\"><i class=\"forminator-icon-close\" aria-hidden=\"true\"><\/i><span class=\"forminator-screen-reader-only\">Delete uploaded file<\/span><\/button><\/div><\/div><\/div><\/div><div class=\"forminator-row\"><div id=\"checkbox-2\" class=\"forminator-field-checkbox forminator-col forminator-col-12\"><div role=\"group\" class=\"forminator-field required\" aria-labelledby=\"forminator-checkbox-group-forminator-field-checkbox-2-69e4c586a0446-label\"><span id=\"forminator-checkbox-group-forminator-field-checkbox-2-69e4c586a0446-label\" class=\"forminator-label\">Conformity <span class=\"forminator-required\">*<\/span><\/span><label id=\"forminator-field-checkbox-2-1-69e4c586a0446-label\" for=\"forminator-field-checkbox-2-1-69e4c586a0446\" class=\"forminator-checkbox\" title=\"I provide my free and informed consent so that my personal information (\u201cPersonal Information\u201d) can be gathered, processed, stored and\/or used by Shilton, Weyers y Asociados Sociedad Civil. I understand that any assignment and\/or transfer will be performed under strict compliance with Act No. 25326 and supplementary regulations. I am entitled to freely exercise my right to access, modify or eliminate my Personal Information as established by section 14.3. of Act No. 25326, by writing to the following email swya@shilton.com.ar .  The Public Information Access Agency, the Regulatory Body of Act No. 25326, is empowered to answer any claim filed by those whose rights may be affected by a breach of the personal data protection regulations in force.\"><input type=\"checkbox\" name=\"checkbox-2[]\" value=\"Presto-mi-consentimiento-libre-e-informado-para-la-recolecci\u00f3n,-procesamiento,-almacenamiento-y-o-utilizaci\u00f3n-de-mis-datos-personales-(los-\u201cDatos-Personales\u201d)-por-parte-de-Shilton,-Weyers-y-Asociados-Sociedad-Civil.-Entiendo-que-toda-cesi\u00f3n-y-o-transferencia-se-har\u00e1-bajo-estricto-cumplimiento-de-la-Ley-N\u00b0-25.326-y-normativa-complementaria.-Tengo-la-facultad-de-ejercer,-en-forma-gratuita,-el-derecho-de-acceso,-rectificaci\u00f3n-o-eliminaci\u00f3n-de-mis-Datos-Personales-conforme-lo-establecido-en-el-art\u00edculo-14,-inciso-3-de-la-Ley-N\u00ba-25.326,-comunic\u00e1ndome-al-siguiente-correo-electr\u00f3nico-swya@shilton.com.ar.-La-Agencia-de-Acceso-a-la-Informaci\u00f3n-P\u00fablica,-\u00d3rgano-de-Control-de-la-Ley-N\u00b0-25.326,-tiene-la-atribuci\u00f3n-de-atender-las-denuncias-y-reclamos-que-interpongan-quienes-resulten-afectados-en-sus-derechos-por-incumplimiento-de-las-normas-vigentes-en-materia-de-protecci\u00f3n-de-datos-personales\" id=\"forminator-field-checkbox-2-1-69e4c586a0446\" aria-labelledby=\"forminator-field-checkbox-2-1-69e4c586a0446-label\" data-calculation=\"0\"  \/><span class=\"forminator-checkbox-box\" aria-hidden=\"true\"><\/span><span class=\"forminator-checkbox-label\">I provide my free and informed consent so that my personal information (\u201cPersonal Information\u201d) can be gathered, processed, stored and\/or used by Shilton, Weyers y Asociados Sociedad Civil. I understand that any assignment and\/or transfer will be performed under strict compliance with Act No. 25326 and supplementary regulations. I am entitled to freely exercise my right to access, modify or eliminate my Personal Information as established by section 14.3. of Act No. 25326, by writing to the following email swya@shilton.com.ar .  The Public Information Access Agency, the Regulatory Body of Act No. 25326, is empowered to answer any claim filed by those whose rights may be affected by a breach of the personal data protection regulations in force.<\/span><\/label><\/div><\/div><\/div><input type=\"hidden\" name=\"referer_url\" value=\"\" \/><div class=\"forminator-row forminator-row-last\"><div class=\"forminator-col\"><div class=\"forminator-field\"><button class=\"forminator-button forminator-button-submit\">Submit CV<\/button><\/div><\/div><\/div><input type=\"hidden\" id=\"forminator_nonce\" name=\"forminator_nonce\" value=\"33b7572db9\" \/><input type=\"hidden\" name=\"_wp_http_referer\" value=\"\/eng\/wp-json\/wp\/v2\/pages\/570\" \/><input type=\"hidden\" name=\"form_id\" value=\"569\"><input type=\"hidden\" name=\"page_id\" value=\"570\"><input type=\"hidden\" name=\"form_type\" value=\"default\"><input type=\"hidden\" name=\"current_url\" value=\"http:\/\/shilton.com.ar\/eng\/equipo\/\"><input type=\"hidden\" name=\"render_id\" value=\"0\"><input type=\"hidden\" name=\"action\" value=\"forminator_submit_form_custom-forms\"><input type=\"hidden\" name=\"trp-form-language\" value=\"eng\"\/><\/form><\/div>\n\t\t\t\t\t\t<\/div>\n\t\t\t\t<\/div>\n\t\t\t\t\t<\/div>\n\t\t<\/div>\n\t\t\t\t\t<\/div>\n\t\t<\/section>\n\t\t\t\t<\/div>","protected":false},"excerpt":{"rendered":"<p>Sumate a nuestro equipo Si sos contador pu\u0301blico o estudiante avanzado, te invitamos a dejarnos tu CV<\/p>","protected":false},"author":1,"featured_media":0,"parent":0,"menu_order":0,"comment_status":"closed","ping_status":"closed","template":"elementor_header_footer","meta":{"footnotes":""},"class_list":["post-570","page","type-page","status-publish"],"yoast_head":"<!-- This site is optimized with the Yoast SEO plugin v27.4 - https:\/\/yoast.com\/product\/yoast-seo-wordpress\/ -->\n<title>Equipo - Shilton, Weyers &amp; Asociados<\/title>\n<meta name=\"robots\" content=\"index, follow, max-snippet:-1, max-image-preview:large, max-video-preview:-1\" \/>\n<link rel=\"canonical\" href=\"https:\/\/shilton.com.ar\/eng\/equipo\/\" \/>\n<meta property=\"og:locale\" content=\"en_US\" \/>\n<meta property=\"og:type\" content=\"article\" \/>\n<meta property=\"og:title\" content=\"Equipo - Shilton, Weyers &amp; Asociados\" \/>\n<meta property=\"og:description\" content=\"Sumate a nuestro equipo Si sos contador pu\u0301blico o estudiante avanzado, te invitamos a dejarnos tu CV\" \/>\n<meta property=\"og:url\" content=\"https:\/\/shilton.com.ar\/eng\/equipo\/\" \/>\n<meta property=\"og:site_name\" content=\"Shilton, Weyers &amp; Asociados\" \/>\n<meta property=\"article:modified_time\" content=\"2022-05-23T16:40:17+00:00\" \/>\n<meta name=\"twitter:card\" content=\"summary_large_image\" \/>\n<script type=\"application\/ld+json\" class=\"yoast-schema-graph\">{\"@context\":\"https:\\\/\\\/schema.org\",\"@graph\":[{\"@type\":\"WebPage\",\"@id\":\"https:\\\/\\\/shilton.com.ar\\\/equipo\\\/\",\"url\":\"https:\\\/\\\/shilton.com.ar\\\/equipo\\\/\",\"name\":\"Equipo - Shilton, Weyers &amp; Asociados\",\"isPartOf\":{\"@id\":\"https:\\\/\\\/shilton.com.ar\\\/#website\"},\"datePublished\":\"2022-04-29T21:00:15+00:00\",\"dateModified\":\"2022-05-23T16:40:17+00:00\",\"breadcrumb\":{\"@id\":\"https:\\\/\\\/shilton.com.ar\\\/equipo\\\/#breadcrumb\"},\"inLanguage\":\"en-US\",\"potentialAction\":[{\"@type\":\"ReadAction\",\"target\":[\"https:\\\/\\\/shilton.com.ar\\\/equipo\\\/\"]}]},{\"@type\":\"BreadcrumbList\",\"@id\":\"https:\\\/\\\/shilton.com.ar\\\/equipo\\\/#breadcrumb\",\"itemListElement\":[{\"@type\":\"ListItem\",\"position\":1,\"name\":\"Inicio\",\"item\":\"https:\\\/\\\/shilton.com.ar\\\/\"},{\"@type\":\"ListItem\",\"position\":2,\"name\":\"Equipo\"}]},{\"@type\":\"WebSite\",\"@id\":\"https:\\\/\\\/shilton.com.ar\\\/#website\",\"url\":\"https:\\\/\\\/shilton.com.ar\\\/\",\"name\":\"Shilton, Weyers &amp; Asociados\",\"description\":\"Consultora\",\"publisher\":{\"@id\":\"https:\\\/\\\/shilton.com.ar\\\/#organization\"},\"potentialAction\":[{\"@type\":\"SearchAction\",\"target\":{\"@type\":\"EntryPoint\",\"urlTemplate\":\"https:\\\/\\\/shilton.com.ar\\\/?s={search_term_string}\"},\"query-input\":{\"@type\":\"PropertyValueSpecification\",\"valueRequired\":true,\"valueName\":\"search_term_string\"}}],\"inLanguage\":\"en-US\"},{\"@type\":\"Organization\",\"@id\":\"https:\\\/\\\/shilton.com.ar\\\/#organization\",\"name\":\"Shilton, Weyers & Asociados\",\"url\":\"https:\\\/\\\/shilton.com.ar\\\/\",\"logo\":{\"@type\":\"ImageObject\",\"inLanguage\":\"en-US\",\"@id\":\"https:\\\/\\\/shilton.com.ar\\\/#\\\/schema\\\/logo\\\/image\\\/\",\"url\":\"http:\\\/\\\/shilton.com.ar\\\/wp-content\\\/uploads\\\/2021\\\/11\\\/cropped-shilton-horizontal-positivo-transparente.png\",\"contentUrl\":\"http:\\\/\\\/shilton.com.ar\\\/wp-content\\\/uploads\\\/2021\\\/11\\\/cropped-shilton-horizontal-positivo-transparente.png\",\"width\":842,\"height\":338,\"caption\":\"Shilton, Weyers & Asociados\"},\"image\":{\"@id\":\"https:\\\/\\\/shilton.com.ar\\\/#\\\/schema\\\/logo\\\/image\\\/\"}}]}<\/script>\n<!-- \/ Yoast SEO plugin. -->","yoast_head_json":{"title":"Equipo - Shilton, Weyers &amp; Asociados","robots":{"index":"index","follow":"follow","max-snippet":"max-snippet:-1","max-image-preview":"max-image-preview:large","max-video-preview":"max-video-preview:-1"},"canonical":"https:\/\/shilton.com.ar\/eng\/equipo\/","og_locale":"en_US","og_type":"article","og_title":"Equipo - Shilton, Weyers &amp; Asociados","og_description":"Sumate a nuestro equipo Si sos contador pu\u0301blico o estudiante avanzado, te invitamos a dejarnos tu CV","og_url":"https:\/\/shilton.com.ar\/eng\/equipo\/","og_site_name":"Shilton, Weyers &amp; Asociados","article_modified_time":"2022-05-23T16:40:17+00:00","twitter_card":"summary_large_image","schema":{"@context":"https:\/\/schema.org","@graph":[{"@type":"WebPage","@id":"https:\/\/shilton.com.ar\/equipo\/","url":"https:\/\/shilton.com.ar\/equipo\/","name":"Equipo - Shilton, Weyers &amp; Asociados","isPartOf":{"@id":"https:\/\/shilton.com.ar\/#website"},"datePublished":"2022-04-29T21:00:15+00:00","dateModified":"2022-05-23T16:40:17+00:00","breadcrumb":{"@id":"https:\/\/shilton.com.ar\/equipo\/#breadcrumb"},"inLanguage":"en-US","potentialAction":[{"@type":"ReadAction","target":["https:\/\/shilton.com.ar\/equipo\/"]}]},{"@type":"BreadcrumbList","@id":"https:\/\/shilton.com.ar\/equipo\/#breadcrumb","itemListElement":[{"@type":"ListItem","position":1,"name":"Inicio","item":"https:\/\/shilton.com.ar\/"},{"@type":"ListItem","position":2,"name":"Equipo"}]},{"@type":"WebSite","@id":"https:\/\/shilton.com.ar\/#website","url":"https:\/\/shilton.com.ar\/","name":"Shilton, Weyers &amp; Asociados","description":"Consultora","publisher":{"@id":"https:\/\/shilton.com.ar\/#organization"},"potentialAction":[{"@type":"SearchAction","target":{"@type":"EntryPoint","urlTemplate":"https:\/\/shilton.com.ar\/?s={search_term_string}"},"query-input":{"@type":"PropertyValueSpecification","valueRequired":true,"valueName":"search_term_string"}}],"inLanguage":"en-US"},{"@type":"Organization","@id":"https:\/\/shilton.com.ar\/#organization","name":"Shilton, Weyers & Asociados","url":"https:\/\/shilton.com.ar\/","logo":{"@type":"ImageObject","inLanguage":"en-US","@id":"https:\/\/shilton.com.ar\/#\/schema\/logo\/image\/","url":"http:\/\/shilton.com.ar\/wp-content\/uploads\/2021\/11\/cropped-shilton-horizontal-positivo-transparente.png","contentUrl":"http:\/\/shilton.com.ar\/wp-content\/uploads\/2021\/11\/cropped-shilton-horizontal-positivo-transparente.png","width":842,"height":338,"caption":"Shilton, Weyers & Asociados"},"image":{"@id":"https:\/\/shilton.com.ar\/#\/schema\/logo\/image\/"}}]}},"_links":{"self":[{"href":"http:\/\/shilton.com.ar\/eng\/wp-json\/wp\/v2\/pages\/570","targetHints":{"allow":["GET"]}}],"collection":[{"href":"http:\/\/shilton.com.ar\/eng\/wp-json\/wp\/v2\/pages"}],"about":[{"href":"http:\/\/shilton.com.ar\/eng\/wp-json\/wp\/v2\/types\/page"}],"author":[{"embeddable":true,"href":"http:\/\/shilton.com.ar\/eng\/wp-json\/wp\/v2\/users\/1"}],"replies":[{"embeddable":true,"href":"http:\/\/shilton.com.ar\/eng\/wp-json\/wp\/v2\/comments?post=570"}],"version-history":[{"count":28,"href":"http:\/\/shilton.com.ar\/eng\/wp-json\/wp\/v2\/pages\/570\/revisions"}],"predecessor-version":[{"id":1186,"href":"http:\/\/shilton.com.ar\/eng\/wp-json\/wp\/v2\/pages\/570\/revisions\/1186"}],"wp:attachment":[{"href":"http:\/\/shilton.com.ar\/eng\/wp-json\/wp\/v2\/media?parent=570"}],"curies":[{"name":"wp","href":"https:\/\/api.w.org\/{rel}","templated":true}]}}