{"id":1696,"date":"2022-05-30T10:32:13","date_gmt":"2022-05-30T13:32:13","guid":{"rendered":"http:\/\/c1301678.ferozo.com\/?page_id=1696"},"modified":"2022-08-04T11:46:07","modified_gmt":"2022-08-04T14:46:07","slug":"auditoria","status":"publish","type":"page","link":"http:\/\/shilton.com.ar\/eng\/auditoria\/","title":{"rendered":"Audit"},"content":{"rendered":"<div data-elementor-type=\"wp-page\" data-elementor-id=\"1696\" class=\"elementor elementor-1696\">\n\t\t\t\t\t\t<section class=\"elementor-section elementor-top-section elementor-element elementor-element-7cface8c elementor-hidden-desktop elementor-hidden-tablet elementor-hidden-mobile elementor-section-boxed elementor-section-height-default elementor-section-height-default\" data-id=\"7cface8c\" data-element_type=\"section\" data-e-type=\"section\" id=\"servicios1\">\n\t\t\t\t\t\t<div class=\"elementor-container elementor-column-gap-default\">\n\t\t\t\t\t<div class=\"elementor-column elementor-col-50 elementor-top-column elementor-element elementor-element-bf71765\" data-id=\"bf71765\" data-element_type=\"column\" data-e-type=\"column\">\n\t\t\t<div class=\"elementor-widget-wrap elementor-element-populated\">\n\t\t\t\t\t\t<div class=\"elementor-element elementor-element-4e1e579 elementor-widget elementor-widget-shortcode\" data-id=\"4e1e579\" data-element_type=\"widget\" data-e-type=\"widget\" data-widget_type=\"shortcode.default\">\n\t\t\t\t<div class=\"elementor-widget-container\">\n\t\t\t\t\t\t\t<div class=\"elementor-shortcode\">\t\t<div data-elementor-type=\"section\" data-elementor-id=\"1689\" class=\"elementor elementor-1689\">\n\t\t\t\t\t\t<section class=\"elementor-section elementor-inner-section elementor-element elementor-element-560b42c elementor-section-full_width elementor-section-height-default elementor-section-height-default\" data-id=\"560b42c\" data-element_type=\"section\" data-e-type=\"section\">\n\t\t\t\t\t\t<div class=\"elementor-container elementor-column-gap-narrow\">\n\t\t\t\t\t<div class=\"elementor-column elementor-col-100 elementor-inner-column elementor-element elementor-element-23e9d6e\" data-id=\"23e9d6e\" data-element_type=\"column\" data-e-type=\"column\" data-settings=\"{&quot;background_background&quot;:&quot;classic&quot;}\">\n\t\t\t<div class=\"elementor-widget-wrap elementor-element-populated\">\n\t\t\t\t\t\t<div class=\"elementor-element elementor-element-bf33736 eael-infobox-content-align--center eael-infobox-icon-bg-shape-none eael-infobox-icon-hover-bg-shape-none elementor-widget elementor-widget-eael-info-box\" data-id=\"bf33736\" data-element_type=\"widget\" data-e-type=\"widget\" data-widget_type=\"eael-info-box.default\">\n\t\t\t\t<div class=\"elementor-widget-container\">\n\t\t\t\t\t            <a href=\"http:\/\/c1301678.ferozo.com\/impuestos\">\n\t            <div class=\"eael-infobox icon-on-top\">\n\t            <div class=\"infobox-icon eael-icon-only\">\n\n            \n                            <div class=\"infobox-icon-wrap\">\n                                    <\/div>\n            \n            \n        <\/div>\n            <div class=\"infobox-content eael-icon-only\">\n                    <div class=\"infobox-title-section\">\n                <h2 class=\"title\">Taxes<\/h2>            <\/div>\n                    <\/div>\n            <\/div>\n\n\t\t            <\/a>\n\t\t\t\t\t\t<\/div>\n\t\t\t\t<\/div>\n\t\t\t\t<div class=\"elementor-element elementor-element-2f9eb753 eael-infobox-content-align--center eael-infobox-icon-bg-shape-none eael-infobox-icon-hover-bg-shape-none elementor-widget elementor-widget-eael-info-box\" data-id=\"2f9eb753\" data-element_type=\"widget\" data-e-type=\"widget\" data-widget_type=\"eael-info-box.default\">\n\t\t\t\t<div class=\"elementor-widget-container\">\n\t\t\t\t\t            <a href=\"http:\/\/c1301678.ferozo.com\/auditoria\">\n\t            <div class=\"eael-infobox icon-on-top\">\n\t            <div class=\"infobox-icon eael-icon-only\">\n\n            \n                            <div class=\"infobox-icon-wrap\">\n                                    <\/div>\n            \n            \n        <\/div>\n            <div class=\"infobox-content eael-icon-only\">\n                    <div class=\"infobox-title-section\">\n                <h2 class=\"title\">Audit<\/h2>            <\/div>\n                    <\/div>\n            <\/div>\n\n\t\t            <\/a>\n\t\t\t\t\t\t<\/div>\n\t\t\t\t<\/div>\n\t\t\t\t<div class=\"elementor-element elementor-element-22a2c8f1 eael-infobox-content-align--center eael-infobox-icon-bg-shape-none eael-infobox-icon-hover-bg-shape-none elementor-widget elementor-widget-eael-info-box\" data-id=\"22a2c8f1\" data-element_type=\"widget\" data-e-type=\"widget\" data-widget_type=\"eael-info-box.default\">\n\t\t\t\t<div class=\"elementor-widget-container\">\n\t\t\t\t\t            <a href=\"http:\/\/c1301678.ferozo.com\/precios-de-transferencia\">\n\t            <div class=\"eael-infobox icon-on-top\">\n\t            <div class=\"infobox-icon eael-icon-only\">\n\n            \n                            <div class=\"infobox-icon-wrap\">\n                                    <\/div>\n            \n            \n        <\/div>\n            <div class=\"infobox-content eael-icon-only\">\n                    <div class=\"infobox-title-section\">\n                <h2 class=\"title\">Precios de Transferencia<\/h2>            <\/div>\n                    <\/div>\n            <\/div>\n\n\t\t            <\/a>\n\t\t\t\t\t\t<\/div>\n\t\t\t\t<\/div>\n\t\t\t\t<div class=\"elementor-element elementor-element-7cd52dfe eael-infobox-content-align--center eael-infobox-icon-bg-shape-none eael-infobox-icon-hover-bg-shape-none elementor-widget elementor-widget-eael-info-box\" data-id=\"7cd52dfe\" data-element_type=\"widget\" data-e-type=\"widget\" data-widget_type=\"eael-info-box.default\">\n\t\t\t\t<div class=\"elementor-widget-container\">\n\t\t\t\t\t            <a href=\"http:\/\/c1301678.ferozo.com\/consultoria\">\n\t            <div class=\"eael-infobox icon-on-top\">\n\t            <div class=\"infobox-icon eael-icon-only\">\n\n            \n                            <div class=\"infobox-icon-wrap\">\n                                    <\/div>\n            \n            \n        <\/div>\n            <div class=\"infobox-content eael-icon-only\">\n                    <div class=\"infobox-title-section\">\n                <h2 class=\"title\">Consulting<\/h2>            <\/div>\n                    <\/div>\n            <\/div>\n\n\t\t            <\/a>\n\t\t\t\t\t\t<\/div>\n\t\t\t\t<\/div>\n\t\t\t\t<div class=\"elementor-element elementor-element-32bfaeb9 eael-infobox-content-align--center eael-infobox-icon-bg-shape-none eael-infobox-icon-hover-bg-shape-none elementor-widget elementor-widget-eael-info-box\" data-id=\"32bfaeb9\" data-element_type=\"widget\" data-e-type=\"widget\" data-widget_type=\"eael-info-box.default\">\n\t\t\t\t<div class=\"elementor-widget-container\">\n\t\t\t\t\t            <a href=\"http:\/\/c1301678.ferozo.com\/loan-staff\">\n\t            <div class=\"eael-infobox icon-on-top\">\n\t            <div class=\"infobox-icon eael-icon-only\">\n\n            \n                            <div class=\"infobox-icon-wrap\">\n                                    <\/div>\n            \n            \n        <\/div>\n            <div class=\"infobox-content eael-icon-only\">\n                    <div class=\"infobox-title-section\">\n                <h2 class=\"title\">Loan Staff<\/h2>            <\/div>\n                    <\/div>\n            <\/div>\n\n\t\t            <\/a>\n\t\t\t\t\t\t<\/div>\n\t\t\t\t<\/div>\n\t\t\t\t<div class=\"elementor-element elementor-element-5158444 eael-infobox-content-align--center eael-infobox-icon-bg-shape-none eael-infobox-icon-hover-bg-shape-none elementor-widget elementor-widget-eael-info-box\" data-id=\"5158444\" data-element_type=\"widget\" data-e-type=\"widget\" data-widget_type=\"eael-info-box.default\">\n\t\t\t\t<div class=\"elementor-widget-container\">\n\t\t\t\t\t            <a href=\"http:\/\/c1301678.ferozo.com\/capacitacion\">\n\t            <div class=\"eael-infobox icon-on-top\">\n\t            <div class=\"infobox-icon eael-icon-only\">\n\n            \n                            <div class=\"infobox-icon-wrap\">\n                                    <\/div>\n            \n            \n        <\/div>\n            <div class=\"infobox-content eael-icon-only\">\n                    <div class=\"infobox-title-section\">\n                <h2 class=\"title\">Training<\/h2>            <\/div>\n                    <\/div>\n            <\/div>\n\n\t\t            <\/a>\n\t\t\t\t\t\t<\/div>\n\t\t\t\t<\/div>\n\t\t\t\t<div class=\"elementor-element elementor-element-407fb413 eael-infobox-content-align--center eael-infobox-icon-bg-shape-none eael-infobox-icon-hover-bg-shape-none elementor-widget elementor-widget-eael-info-box\" data-id=\"407fb413\" data-element_type=\"widget\" data-e-type=\"widget\" data-widget_type=\"eael-info-box.default\">\n\t\t\t\t<div class=\"elementor-widget-container\">\n\t\t\t\t\t            <a href=\"http:\/\/c1301678.ferozo.com\/outsourcing\">\n\t            <div class=\"eael-infobox icon-on-top\">\n\t            <div class=\"infobox-icon eael-icon-only\">\n\n            \n                            <div class=\"infobox-icon-wrap\">\n                                    <\/div>\n            \n            \n        <\/div>\n            <div class=\"infobox-content eael-icon-only\">\n                    <div class=\"infobox-title-section\">\n                <h2 class=\"title\">Outsourcing<\/h2>            <\/div>\n                    <\/div>\n            <\/div>\n\n\t\t            <\/a>\n\t\t\t\t\t\t<\/div>\n\t\t\t\t<\/div>\n\t\t\t\t\t<\/div>\n\t\t<\/div>\n\t\t\t\t\t<\/div>\n\t\t<\/section>\n\t\t\t\t<\/div>\n\t\t<\/div>\n\t\t\t\t\t\t<\/div>\n\t\t\t\t<\/div>\n\t\t\t\t\t<\/div>\n\t\t<\/div>\n\t\t\t\t<div class=\"elementor-column elementor-col-50 elementor-top-column elementor-element elementor-element-72c1d347\" data-id=\"72c1d347\" data-element_type=\"column\" data-e-type=\"column\" data-settings=\"{&quot;background_background&quot;:&quot;gradient&quot;}\">\n\t\t\t<div class=\"elementor-widget-wrap elementor-element-populated\">\n\t\t\t\t\t\t<div class=\"elementor-element elementor-element-4b79e575 eael-infobox-icon-bg-shape-none eael-infobox-icon-hover-bg-shape-none elementor-widget elementor-widget-eael-info-box\" data-id=\"4b79e575\" data-element_type=\"widget\" data-e-type=\"widget\" data-widget_type=\"eael-info-box.default\">\n\t\t\t\t<div class=\"elementor-widget-container\">\n\t\t\t\t\t        <div class=\"eael-infobox icon-on-left\">\n\t            <div class=\"infobox-icon eael-icon-only\">\n\n            \n                            <div class=\"infobox-icon-wrap\">\n                    <i aria-hidden=\"true\" class=\"fas fa-angle-right\"><\/i>                <\/div>\n            \n            \n        <\/div>\n            <div class=\"infobox-content eael-icon-only\">\n                    <div class=\"infobox-title-section\">\n                <h2 class=\"title\">Audit<\/h2>            <\/div>\n                    <\/div>\n            <\/div>\n\n\t\t\t\t\t\t<\/div>\n\t\t\t\t<\/div>\n\t\t\t\t<div class=\"elementor-element elementor-element-57301bad elementor-widget elementor-widget-eael-adv-accordion\" data-id=\"57301bad\" data-element_type=\"widget\" data-e-type=\"widget\" data-widget_type=\"eael-adv-accordion.default\">\n\t\t\t\t<div class=\"elementor-widget-container\">\n\t\t\t\t\t            <div class=\"eael-adv-accordion\" id=\"eael-adv-accordion-57301bad\" data-scroll-on-click=\"no\" data-scroll-speed=\"300\" data-accordion-id=\"57301bad\" data-accordion-type=\"accordion\" data-toogle-speed=\"300\">\n            <div class=\"eael-accordion-list\">\n\t\t\t\t\t<div id=\"prestamos-servicios-en-el-rea-de-auditora-con-el-objetivo-de-validar-la-informacin-financiera-para-uso-la-direccin-y-organismos-de-contralor-utilizando-los-conocimientos-habilidades-y-experiencia-de-nuestro-equipo-especializado-para-proporcionar-un-trabajo-de-alta-calidad-\" class=\"elementor-tab-title eael-accordion-header\" tabindex=\"0\" data-tab=\"1\" aria-controls=\"elementor-tab-content-1461\"><span class=\"eael-advanced-accordion-icon-closed\"><\/span><span class=\"eael-advanced-accordion-icon-opened\"><i aria-hidden=\"true\" class=\"fa-accordion-icon fas fa-minus\"><\/i><\/span><span class=\"eael-accordion-tab-title\">We provide audit services to validate financial information to be used by the Board and by Regulatory Agencies, by using our specialized team\u2019s vast knowledge, skills and experience to provide a high-quality service. <\/span><i aria-hidden=\"true\" class=\"fa-toggle icon icon-down-arrow1\"><\/i><\/div><div id=\"elementor-tab-content-1461\" class=\"eael-accordion-content clearfix\" data-tab=\"1\" aria-labelledby=\"prestamos-servicios-en-el-rea-de-auditora-con-el-objetivo-de-validar-la-informacin-financiera-para-uso-la-direccin-y-organismos-de-contralor-utilizando-los-conocimientos-habilidades-y-experiencia-de-nuestro-equipo-especializado-para-proporcionar-un-trabajo-de-alta-calidad-\"><p><strong>Our services include:<\/strong><\/p>\n<ul>\n<li style=\"font-weight: 400\"><span style=\"font-weight: 400\">\u00a0External audit of annual financial statements<\/span><\/li>\n<li style=\"font-weight: 400\"><span style=\"font-weight: 400\">Limited reviews of interim financial statements<\/span><\/li>\n<li style=\"font-weight: 400\"><span style=\"font-weight: 400\">Conversion of Financial Statements to International Financial Reporting Standards (IFRS\/IFRS) and Us Gaap<\/span><\/li>\n<li style=\"font-weight: 400\"><span style=\"font-weight: 400\">Purchase Due Diligence.<\/span><span style=\"font-weight: 400\"><br \/><\/span><\/li>\n<li style=\"font-weight: 400\"><span style=\"font-weight: 400\">Corporate Mergers &amp; Acquisitions.<\/span><\/li>\n<li style=\"font-weight: 400\"><span style=\"font-weight: 400\">Operational audits.<\/span><span style=\"font-weight: 400\"><br \/><\/span><\/li>\n<li style=\"font-weight: 400\"><span style=\"font-weight: 400\">Preparation of reports to Head office.\u00a0<\/span><\/li>\n<li style=\"font-weight: 400\"><span style=\"font-weight: 400\">Special reports and certifications to be filed with regulatory bodies.<\/span><span style=\"font-weight: 400\"><br \/><\/span><\/li>\n<li style=\"list-style-type: none\">\u00a0<\/li>\n<li>Accounting certifications.<\/li>\n<\/ul><\/div>\n\t\t\t\t\t<\/div><\/div>\t\t\t\t<\/div>\n\t\t\t\t<\/div>\n\t\t\t\t\t<\/div>\n\t\t<\/div>\n\t\t\t\t\t<\/div>\n\t\t<\/section>\n\t\t\t\t<section class=\"elementor-section elementor-top-section elementor-element elementor-element-36629e6 elementor-section-boxed elementor-section-height-default elementor-section-height-default\" data-id=\"36629e6\" data-element_type=\"section\" data-e-type=\"section\">\n\t\t\t\t\t\t<div class=\"elementor-container elementor-column-gap-default\">\n\t\t\t\t\t<div class=\"elementor-column elementor-col-100 elementor-top-column elementor-element elementor-element-b05f0ce\" data-id=\"b05f0ce\" data-element_type=\"column\" data-e-type=\"column\" data-settings=\"{&quot;background_background&quot;:&quot;gradient&quot;}\">\n\t\t\t<div class=\"elementor-widget-wrap elementor-element-populated\">\n\t\t\t\t\t\t<div class=\"elementor-element elementor-element-139840e eael-infobox-icon-bg-shape-none eael-infobox-icon-hover-bg-shape-none elementor-widget elementor-widget-eael-info-box\" data-id=\"139840e\" data-element_type=\"widget\" data-e-type=\"widget\" data-widget_type=\"eael-info-box.default\">\n\t\t\t\t<div class=\"elementor-widget-container\">\n\t\t\t\t\t        <div class=\"eael-infobox icon-on-left\">\n\t            <div class=\"infobox-icon eael-icon-only\">\n\n            \n                            <div class=\"infobox-icon-wrap\">\n                    <i aria-hidden=\"true\" class=\"fas fa-angle-right\"><\/i>                <\/div>\n            \n            \n        <\/div>\n            <div class=\"infobox-content eael-icon-only\">\n                    <div class=\"infobox-title-section\">\n                <h2 class=\"title\">Audit<\/h2>            <\/div>\n                    <\/div>\n            <\/div>\n\n\t\t\t\t\t\t<\/div>\n\t\t\t\t<\/div>\n\t\t\t\t<div class=\"elementor-element elementor-element-7e4a341 elementor-widget elementor-widget-text-editor\" data-id=\"7e4a341\" data-element_type=\"widget\" data-e-type=\"widget\" data-widget_type=\"text-editor.default\">\n\t\t\t\t<div class=\"elementor-widget-container\">\n\t\t\t\t\t\t\t\t\t<p>We provide audit services to validate financial information to be used by the Board and by Regulatory Agencies, by using our specialized team\u2019s vast knowledge, skills and experience to provide a high-quality service.<\/p>\t\t\t\t\t\t\t\t<\/div>\n\t\t\t\t<\/div>\n\t\t\t\t<div class=\"elementor-element elementor-element-ace486e elementor-widget elementor-widget-text-editor\" data-id=\"ace486e\" data-element_type=\"widget\" data-e-type=\"widget\" data-widget_type=\"text-editor.default\">\n\t\t\t\t<div class=\"elementor-widget-container\">\n\t\t\t\t\t\t\t\t\t<p><strong>Our services include:<\/strong><\/p><ul><li style=\"font-weight: 400;\" aria-level=\"1\"><span style=\"font-weight: 400;\">External audit of annual financial statements.<\/span><\/li><li style=\"font-weight: 400;\" aria-level=\"1\"><span style=\"font-weight: 400;\">Limited reviews of interim financial statements.<\/span><\/li><li style=\"font-weight: 400;\" aria-level=\"1\"><span style=\"font-weight: 400;\">Conversion of Financial Statements according to International Financial Reporting Standards (IFRS) and US GAAPs.<\/span><\/li><li style=\"font-weight: 400;\" aria-level=\"1\"><span style=\"font-weight: 400;\">Purchase Due Diligence.<\/span><span style=\"font-weight: 400;\"><br \/><\/span><\/li><li style=\"font-weight: 400;\" aria-level=\"1\"><span style=\"font-weight: 400;\">Corporate Mergers &amp; Acquisitions.<\/span><\/li><li style=\"font-weight: 400;\" aria-level=\"1\"><span style=\"font-weight: 400;\">Operational audits.<\/span><span style=\"font-weight: 400;\"><br \/><\/span><\/li><li style=\"font-weight: 400;\" aria-level=\"1\"><span style=\"font-weight: 400;\">Preparation of reports to Head office.\u00a0<\/span><\/li><li style=\"font-weight: 400;\" aria-level=\"1\"><span style=\"font-weight: 400;\">Special reports and certifications to be filed with regulatory bodies.<\/span><\/li><li style=\"font-weight: 400;\" aria-level=\"1\">Accounting certifications.<\/li><\/ul>\t\t\t\t\t\t\t\t<\/div>\n\t\t\t\t<\/div>\n\t\t\t\t\t<\/div>\n\t\t<\/div>\n\t\t\t\t\t<\/div>\n\t\t<\/section>\n\t\t\t\t<\/div>","protected":false},"excerpt":{"rendered":"<p>Auditor\u00eda Prestamos servicios en el \u00e1rea de auditor\u00eda, con el objetivo de validar la informaci\u00f3n financiera para uso la Direcci\u00f3n y Organismos de Contralor. utilizando los conocimientos, habilidades y experiencia de nuestro equipo especializado para proporcionar un trabajo de alta calidad. Nuestros servicios incluyen: \u00a0Auditor\u00eda externa de estados contables anuales Revisiones limitadas de estados contables &#8230; <a title=\"Audit\" class=\"read-more\" href=\"http:\/\/shilton.com.ar\/eng\/auditoria\/\" aria-label=\"Read more about Auditor\u00eda\">Read more<\/a><\/p>","protected":false},"author":1,"featured_media":0,"parent":0,"menu_order":0,"comment_status":"closed","ping_status":"closed","template":"elementor_header_footer","meta":{"footnotes":""},"class_list":["post-1696","page","type-page","status-publish"],"yoast_head":"<!-- This site is optimized with the Yoast SEO plugin v27.4 - https:\/\/yoast.com\/product\/yoast-seo-wordpress\/ -->\n<title>Auditor\u00eda - Shilton, Weyers &amp; Asociados<\/title>\n<meta name=\"robots\" content=\"index, follow, max-snippet:-1, max-image-preview:large, max-video-preview:-1\" \/>\n<link rel=\"canonical\" href=\"https:\/\/shilton.com.ar\/eng\/auditoria\/\" \/>\n<meta property=\"og:locale\" content=\"en_US\" \/>\n<meta property=\"og:type\" content=\"article\" \/>\n<meta property=\"og:title\" content=\"Auditor\u00eda - Shilton, Weyers &amp; Asociados\" \/>\n<meta property=\"og:description\" content=\"Auditor\u00eda Prestamos servicios en el \u00e1rea de auditor\u00eda, con el objetivo de validar la informaci\u00f3n financiera para uso la Direcci\u00f3n y Organismos de Contralor. utilizando los conocimientos, habilidades y experiencia de nuestro equipo especializado para proporcionar un trabajo de alta calidad. Nuestros servicios incluyen: \u00a0Auditor\u00eda externa de estados contables anuales Revisiones limitadas de estados contables ... Read more\" \/>\n<meta property=\"og:url\" content=\"https:\/\/shilton.com.ar\/eng\/auditoria\/\" \/>\n<meta property=\"og:site_name\" content=\"Shilton, Weyers &amp; Asociados\" \/>\n<meta property=\"article:modified_time\" content=\"2022-08-04T14:46:07+00:00\" \/>\n<meta name=\"twitter:card\" content=\"summary_large_image\" \/>\n<meta name=\"twitter:label1\" content=\"Est. reading time\" \/>\n\t<meta name=\"twitter:data1\" content=\"1 minute\" \/>\n<script type=\"application\/ld+json\" class=\"yoast-schema-graph\">{\"@context\":\"https:\\\/\\\/schema.org\",\"@graph\":[{\"@type\":\"WebPage\",\"@id\":\"https:\\\/\\\/shilton.com.ar\\\/auditoria\\\/\",\"url\":\"https:\\\/\\\/shilton.com.ar\\\/auditoria\\\/\",\"name\":\"Auditor\u00eda - Shilton, Weyers &amp; Asociados\",\"isPartOf\":{\"@id\":\"https:\\\/\\\/shilton.com.ar\\\/#website\"},\"datePublished\":\"2022-05-30T13:32:13+00:00\",\"dateModified\":\"2022-08-04T14:46:07+00:00\",\"breadcrumb\":{\"@id\":\"https:\\\/\\\/shilton.com.ar\\\/auditoria\\\/#breadcrumb\"},\"inLanguage\":\"en-US\",\"potentialAction\":[{\"@type\":\"ReadAction\",\"target\":[\"https:\\\/\\\/shilton.com.ar\\\/auditoria\\\/\"]}]},{\"@type\":\"BreadcrumbList\",\"@id\":\"https:\\\/\\\/shilton.com.ar\\\/auditoria\\\/#breadcrumb\",\"itemListElement\":[{\"@type\":\"ListItem\",\"position\":1,\"name\":\"Inicio\",\"item\":\"https:\\\/\\\/shilton.com.ar\\\/\"},{\"@type\":\"ListItem\",\"position\":2,\"name\":\"Auditor\u00eda\"}]},{\"@type\":\"WebSite\",\"@id\":\"https:\\\/\\\/shilton.com.ar\\\/#website\",\"url\":\"https:\\\/\\\/shilton.com.ar\\\/\",\"name\":\"Shilton, Weyers &amp; Asociados\",\"description\":\"Consultora\",\"publisher\":{\"@id\":\"https:\\\/\\\/shilton.com.ar\\\/#organization\"},\"potentialAction\":[{\"@type\":\"SearchAction\",\"target\":{\"@type\":\"EntryPoint\",\"urlTemplate\":\"https:\\\/\\\/shilton.com.ar\\\/?s={search_term_string}\"},\"query-input\":{\"@type\":\"PropertyValueSpecification\",\"valueRequired\":true,\"valueName\":\"search_term_string\"}}],\"inLanguage\":\"en-US\"},{\"@type\":\"Organization\",\"@id\":\"https:\\\/\\\/shilton.com.ar\\\/#organization\",\"name\":\"Shilton, Weyers & Asociados\",\"url\":\"https:\\\/\\\/shilton.com.ar\\\/\",\"logo\":{\"@type\":\"ImageObject\",\"inLanguage\":\"en-US\",\"@id\":\"https:\\\/\\\/shilton.com.ar\\\/#\\\/schema\\\/logo\\\/image\\\/\",\"url\":\"http:\\\/\\\/shilton.com.ar\\\/wp-content\\\/uploads\\\/2021\\\/11\\\/cropped-shilton-horizontal-positivo-transparente.png\",\"contentUrl\":\"http:\\\/\\\/shilton.com.ar\\\/wp-content\\\/uploads\\\/2021\\\/11\\\/cropped-shilton-horizontal-positivo-transparente.png\",\"width\":842,\"height\":338,\"caption\":\"Shilton, Weyers & Asociados\"},\"image\":{\"@id\":\"https:\\\/\\\/shilton.com.ar\\\/#\\\/schema\\\/logo\\\/image\\\/\"}}]}<\/script>\n<!-- \/ Yoast SEO plugin. -->","yoast_head_json":{"title":"Auditor\u00eda - Shilton, Weyers &amp; Asociados","robots":{"index":"index","follow":"follow","max-snippet":"max-snippet:-1","max-image-preview":"max-image-preview:large","max-video-preview":"max-video-preview:-1"},"canonical":"https:\/\/shilton.com.ar\/eng\/auditoria\/","og_locale":"en_US","og_type":"article","og_title":"Auditor\u00eda - Shilton, Weyers &amp; Asociados","og_description":"Auditor\u00eda Prestamos servicios en el \u00e1rea de auditor\u00eda, con el objetivo de validar la informaci\u00f3n financiera para uso la Direcci\u00f3n y Organismos de Contralor. utilizando los conocimientos, habilidades y experiencia de nuestro equipo especializado para proporcionar un trabajo de alta calidad. Nuestros servicios incluyen: \u00a0Auditor\u00eda externa de estados contables anuales Revisiones limitadas de estados contables ... Read more","og_url":"https:\/\/shilton.com.ar\/eng\/auditoria\/","og_site_name":"Shilton, Weyers &amp; Asociados","article_modified_time":"2022-08-04T14:46:07+00:00","twitter_card":"summary_large_image","twitter_misc":{"Est. reading time":"1 minute"},"schema":{"@context":"https:\/\/schema.org","@graph":[{"@type":"WebPage","@id":"https:\/\/shilton.com.ar\/auditoria\/","url":"https:\/\/shilton.com.ar\/auditoria\/","name":"Auditor\u00eda - Shilton, Weyers &amp; Asociados","isPartOf":{"@id":"https:\/\/shilton.com.ar\/#website"},"datePublished":"2022-05-30T13:32:13+00:00","dateModified":"2022-08-04T14:46:07+00:00","breadcrumb":{"@id":"https:\/\/shilton.com.ar\/auditoria\/#breadcrumb"},"inLanguage":"en-US","potentialAction":[{"@type":"ReadAction","target":["https:\/\/shilton.com.ar\/auditoria\/"]}]},{"@type":"BreadcrumbList","@id":"https:\/\/shilton.com.ar\/auditoria\/#breadcrumb","itemListElement":[{"@type":"ListItem","position":1,"name":"Inicio","item":"https:\/\/shilton.com.ar\/"},{"@type":"ListItem","position":2,"name":"Auditor\u00eda"}]},{"@type":"WebSite","@id":"https:\/\/shilton.com.ar\/#website","url":"https:\/\/shilton.com.ar\/","name":"Shilton, Weyers &amp; Asociados","description":"Consultora","publisher":{"@id":"https:\/\/shilton.com.ar\/#organization"},"potentialAction":[{"@type":"SearchAction","target":{"@type":"EntryPoint","urlTemplate":"https:\/\/shilton.com.ar\/?s={search_term_string}"},"query-input":{"@type":"PropertyValueSpecification","valueRequired":true,"valueName":"search_term_string"}}],"inLanguage":"en-US"},{"@type":"Organization","@id":"https:\/\/shilton.com.ar\/#organization","name":"Shilton, Weyers & Asociados","url":"https:\/\/shilton.com.ar\/","logo":{"@type":"ImageObject","inLanguage":"en-US","@id":"https:\/\/shilton.com.ar\/#\/schema\/logo\/image\/","url":"http:\/\/shilton.com.ar\/wp-content\/uploads\/2021\/11\/cropped-shilton-horizontal-positivo-transparente.png","contentUrl":"http:\/\/shilton.com.ar\/wp-content\/uploads\/2021\/11\/cropped-shilton-horizontal-positivo-transparente.png","width":842,"height":338,"caption":"Shilton, Weyers & Asociados"},"image":{"@id":"https:\/\/shilton.com.ar\/#\/schema\/logo\/image\/"}}]}},"_links":{"self":[{"href":"http:\/\/shilton.com.ar\/eng\/wp-json\/wp\/v2\/pages\/1696","targetHints":{"allow":["GET"]}}],"collection":[{"href":"http:\/\/shilton.com.ar\/eng\/wp-json\/wp\/v2\/pages"}],"about":[{"href":"http:\/\/shilton.com.ar\/eng\/wp-json\/wp\/v2\/types\/page"}],"author":[{"embeddable":true,"href":"http:\/\/shilton.com.ar\/eng\/wp-json\/wp\/v2\/users\/1"}],"replies":[{"embeddable":true,"href":"http:\/\/shilton.com.ar\/eng\/wp-json\/wp\/v2\/comments?post=1696"}],"version-history":[{"count":13,"href":"http:\/\/shilton.com.ar\/eng\/wp-json\/wp\/v2\/pages\/1696\/revisions"}],"predecessor-version":[{"id":2086,"href":"http:\/\/shilton.com.ar\/eng\/wp-json\/wp\/v2\/pages\/1696\/revisions\/2086"}],"wp:attachment":[{"href":"http:\/\/shilton.com.ar\/eng\/wp-json\/wp\/v2\/media?parent=1696"}],"curies":[{"name":"wp","href":"https:\/\/api.w.org\/{rel}","templated":true}]}}