{"id":1662,"date":"2022-05-30T10:09:51","date_gmt":"2022-05-30T13:09:51","guid":{"rendered":"http:\/\/c1301678.ferozo.com\/?page_id=1662"},"modified":"2022-08-04T11:48:08","modified_gmt":"2022-08-04T14:48:08","slug":"impuestos","status":"publish","type":"page","link":"http:\/\/shilton.com.ar\/eng\/impuestos\/","title":{"rendered":"Taxes"},"content":{"rendered":"<div data-elementor-type=\"wp-page\" data-elementor-id=\"1662\" class=\"elementor elementor-1662\">\n\t\t\t\t\t\t<section class=\"elementor-section elementor-top-section elementor-element elementor-element-4b59e80e elementor-section-full_width elementor-hidden-desktop elementor-hidden-tablet elementor-hidden-mobile elementor-section-height-default elementor-section-height-default\" data-id=\"4b59e80e\" data-element_type=\"section\" data-e-type=\"section\" data-settings=\"{&quot;background_background&quot;:&quot;classic&quot;}\">\n\t\t\t\t\t\t<div class=\"elementor-container elementor-column-gap-default\">\n\t\t\t\t\t<div class=\"elementor-column elementor-col-50 elementor-top-column elementor-element elementor-element-7853f709\" data-id=\"7853f709\" data-element_type=\"column\" data-e-type=\"column\">\n\t\t\t<div class=\"elementor-widget-wrap elementor-element-populated\">\n\t\t\t\t\t\t<section class=\"elementor-section elementor-inner-section elementor-element elementor-element-4dff7dab elementor-section-full_width elementor-section-height-default elementor-section-height-default\" data-id=\"4dff7dab\" data-element_type=\"section\" data-e-type=\"section\">\n\t\t\t\t\t\t<div class=\"elementor-container elementor-column-gap-narrow\">\n\t\t\t\t\t<div class=\"elementor-column elementor-col-100 elementor-inner-column elementor-element elementor-element-65316ce3\" data-id=\"65316ce3\" data-element_type=\"column\" data-e-type=\"column\" data-settings=\"{&quot;background_background&quot;:&quot;classic&quot;}\">\n\t\t\t<div class=\"elementor-widget-wrap elementor-element-populated\">\n\t\t\t\t\t\t<div class=\"elementor-element elementor-element-331a1d58 eael-infobox-content-align--center eael-infobox-icon-bg-shape-none eael-infobox-icon-hover-bg-shape-none elementor-widget elementor-widget-eael-info-box\" data-id=\"331a1d58\" data-element_type=\"widget\" data-e-type=\"widget\" data-widget_type=\"eael-info-box.default\">\n\t\t\t\t<div class=\"elementor-widget-container\">\n\t\t\t\t\t            <a href=\"http:\/\/c1301678.ferozo.com\/impuestos\">\n\t            <div class=\"eael-infobox icon-on-top\">\n\t            <div class=\"infobox-icon eael-icon-only\">\n\n            \n                            <div class=\"infobox-icon-wrap\">\n                                    <\/div>\n            \n            \n        <\/div>\n            <div class=\"infobox-content eael-icon-only\">\n                    <div class=\"infobox-title-section\">\n                <h2 class=\"title\">Taxes<\/h2>            <\/div>\n                    <\/div>\n            <\/div>\n\n\t\t            <\/a>\n\t\t\t\t\t\t<\/div>\n\t\t\t\t<\/div>\n\t\t\t\t<div class=\"elementor-element elementor-element-33dc526 eael-infobox-content-align--center eael-infobox-icon-bg-shape-none eael-infobox-icon-hover-bg-shape-none elementor-widget elementor-widget-eael-info-box\" data-id=\"33dc526\" data-element_type=\"widget\" data-e-type=\"widget\" data-widget_type=\"eael-info-box.default\">\n\t\t\t\t<div class=\"elementor-widget-container\">\n\t\t\t\t\t            <a href=\"http:\/\/c1301678.ferozo.com\/auditoria\">\n\t            <div class=\"eael-infobox icon-on-top\">\n\t            <div class=\"infobox-icon eael-icon-only\">\n\n            \n                            <div class=\"infobox-icon-wrap\">\n                                    <\/div>\n            \n            \n        <\/div>\n            <div class=\"infobox-content eael-icon-only\">\n                    <div class=\"infobox-title-section\">\n                <h2 class=\"title\">Audit<\/h2>            <\/div>\n                    <\/div>\n            <\/div>\n\n\t\t            <\/a>\n\t\t\t\t\t\t<\/div>\n\t\t\t\t<\/div>\n\t\t\t\t<div class=\"elementor-element elementor-element-1d9bf91f eael-infobox-content-align--center eael-infobox-icon-bg-shape-none eael-infobox-icon-hover-bg-shape-none elementor-widget elementor-widget-eael-info-box\" data-id=\"1d9bf91f\" data-element_type=\"widget\" data-e-type=\"widget\" data-widget_type=\"eael-info-box.default\">\n\t\t\t\t<div class=\"elementor-widget-container\">\n\t\t\t\t\t            <a href=\"http:\/\/c1301678.ferozo.com\/precios-de-transferencia\">\n\t            <div class=\"eael-infobox icon-on-top\">\n\t            <div class=\"infobox-icon eael-icon-only\">\n\n            \n                            <div class=\"infobox-icon-wrap\">\n                                    <\/div>\n            \n            \n        <\/div>\n            <div class=\"infobox-content eael-icon-only\">\n                    <div class=\"infobox-title-section\">\n                <h2 class=\"title\">Precios de Transferencia<\/h2>            <\/div>\n                    <\/div>\n            <\/div>\n\n\t\t            <\/a>\n\t\t\t\t\t\t<\/div>\n\t\t\t\t<\/div>\n\t\t\t\t<div class=\"elementor-element elementor-element-5f1db7fc eael-infobox-content-align--center eael-infobox-icon-bg-shape-none eael-infobox-icon-hover-bg-shape-none elementor-widget elementor-widget-eael-info-box\" data-id=\"5f1db7fc\" data-element_type=\"widget\" data-e-type=\"widget\" data-widget_type=\"eael-info-box.default\">\n\t\t\t\t<div class=\"elementor-widget-container\">\n\t\t\t\t\t            <a href=\"http:\/\/c1301678.ferozo.com\/consultoria\">\n\t            <div class=\"eael-infobox icon-on-top\">\n\t            <div class=\"infobox-icon eael-icon-only\">\n\n            \n                            <div class=\"infobox-icon-wrap\">\n                                    <\/div>\n            \n            \n        <\/div>\n            <div class=\"infobox-content eael-icon-only\">\n                    <div class=\"infobox-title-section\">\n                <h2 class=\"title\">Consulting<\/h2>            <\/div>\n                    <\/div>\n            <\/div>\n\n\t\t            <\/a>\n\t\t\t\t\t\t<\/div>\n\t\t\t\t<\/div>\n\t\t\t\t<div class=\"elementor-element elementor-element-3da38254 eael-infobox-content-align--center eael-infobox-icon-bg-shape-none eael-infobox-icon-hover-bg-shape-none elementor-widget elementor-widget-eael-info-box\" data-id=\"3da38254\" data-element_type=\"widget\" data-e-type=\"widget\" data-widget_type=\"eael-info-box.default\">\n\t\t\t\t<div class=\"elementor-widget-container\">\n\t\t\t\t\t            <a href=\"http:\/\/c1301678.ferozo.com\/loan-staff\">\n\t            <div class=\"eael-infobox icon-on-top\">\n\t            <div class=\"infobox-icon eael-icon-only\">\n\n            \n                            <div class=\"infobox-icon-wrap\">\n                                    <\/div>\n            \n            \n        <\/div>\n            <div class=\"infobox-content eael-icon-only\">\n                    <div class=\"infobox-title-section\">\n                <h2 class=\"title\">Loan Staff<\/h2>            <\/div>\n                    <\/div>\n            <\/div>\n\n\t\t            <\/a>\n\t\t\t\t\t\t<\/div>\n\t\t\t\t<\/div>\n\t\t\t\t<div class=\"elementor-element elementor-element-7fe9c4db eael-infobox-content-align--center eael-infobox-icon-bg-shape-none eael-infobox-icon-hover-bg-shape-none elementor-widget elementor-widget-eael-info-box\" data-id=\"7fe9c4db\" data-element_type=\"widget\" data-e-type=\"widget\" data-widget_type=\"eael-info-box.default\">\n\t\t\t\t<div class=\"elementor-widget-container\">\n\t\t\t\t\t            <a href=\"http:\/\/c1301678.ferozo.com\/capacitacion\">\n\t            <div class=\"eael-infobox icon-on-top\">\n\t            <div class=\"infobox-icon eael-icon-only\">\n\n            \n                            <div class=\"infobox-icon-wrap\">\n                                    <\/div>\n            \n            \n        <\/div>\n            <div class=\"infobox-content eael-icon-only\">\n                    <div class=\"infobox-title-section\">\n                <h2 class=\"title\">Training<\/h2>            <\/div>\n                    <\/div>\n            <\/div>\n\n\t\t            <\/a>\n\t\t\t\t\t\t<\/div>\n\t\t\t\t<\/div>\n\t\t\t\t<div class=\"elementor-element elementor-element-54ee933 eael-infobox-content-align--center eael-infobox-icon-bg-shape-none eael-infobox-icon-hover-bg-shape-none elementor-widget elementor-widget-eael-info-box\" data-id=\"54ee933\" data-element_type=\"widget\" data-e-type=\"widget\" data-widget_type=\"eael-info-box.default\">\n\t\t\t\t<div class=\"elementor-widget-container\">\n\t\t\t\t\t            <a href=\"http:\/\/c1301678.ferozo.com\/outsourcing\">\n\t            <div class=\"eael-infobox icon-on-top\">\n\t            <div class=\"infobox-icon eael-icon-only\">\n\n            \n                            <div class=\"infobox-icon-wrap\">\n                                    <\/div>\n            \n            \n        <\/div>\n            <div class=\"infobox-content eael-icon-only\">\n                    <div class=\"infobox-title-section\">\n                <h2 class=\"title\">Outsourcing<\/h2>            <\/div>\n                    <\/div>\n            <\/div>\n\n\t\t            <\/a>\n\t\t\t\t\t\t<\/div>\n\t\t\t\t<\/div>\n\t\t\t\t\t<\/div>\n\t\t<\/div>\n\t\t\t\t\t<\/div>\n\t\t<\/section>\n\t\t\t\t\t<\/div>\n\t\t<\/div>\n\t\t\t\t<div class=\"elementor-column elementor-col-50 elementor-top-column elementor-element elementor-element-7f2e69a\" data-id=\"7f2e69a\" data-element_type=\"column\" data-e-type=\"column\" data-settings=\"{&quot;background_background&quot;:&quot;gradient&quot;}\">\n\t\t\t<div class=\"elementor-widget-wrap elementor-element-populated\">\n\t\t\t\t\t\t<div class=\"elementor-element elementor-element-e35a386 elementor-tab-title eael-accordion-header show active eael-infobox-icon-bg-shape-none eael-infobox-icon-hover-bg-shape-none elementor-widget elementor-widget-eael-info-box\" data-id=\"e35a386\" data-element_type=\"widget\" data-e-type=\"widget\" data-widget_type=\"eael-info-box.default\">\n\t\t\t\t<div class=\"elementor-widget-container\">\n\t\t\t\t\t        <div class=\"eael-infobox icon-on-left\">\n\t            <div class=\"infobox-icon eael-icon-only\">\n\n            \n                            <div class=\"infobox-icon-wrap\">\n                    <i aria-hidden=\"true\" class=\"fas fa-angle-right\"><\/i>                <\/div>\n            \n            \n        <\/div>\n            <div class=\"infobox-content eael-icon-only\">\n                    <div class=\"infobox-title-section\">\n                <h2 class=\"title\">Taxes<\/h2>            <\/div>\n                    <\/div>\n            <\/div>\n\n\t\t\t\t\t\t<\/div>\n\t\t\t\t<\/div>\n\t\t\t\t<div class=\"elementor-element elementor-element-d8486e8 elementor-tab-title eael-accordion-header show active elementor-widget elementor-widget-eael-adv-accordion\" data-id=\"d8486e8\" data-element_type=\"widget\" data-e-type=\"widget\" data-widget_type=\"eael-adv-accordion.default\">\n\t\t\t\t<div class=\"elementor-widget-container\">\n\t\t\t\t\t            <div class=\"eael-adv-accordion\" id=\"eael-adv-accordion-d8486e8\" data-scroll-on-click=\"no\" data-scroll-speed=\"300\" data-accordion-id=\"d8486e8\" data-accordion-type=\"accordion\" data-toogle-speed=\"300\">\n            <div class=\"eael-accordion-list\">\n\t\t\t\t\t<div id=\"prestamos-servicios-en-el-rea-impositiva-con-un-equipo-que-posee-una-slida-formacin-y-una-amplia-experiencia-en-asesora-tributaria-con-el-compromiso-de-brindar-un-servicio-personalizado-de-alta-calidad-y-ofrecer-su-asistencia-para-el-cumplimiento-de-las-obligaciones-impositivas-correspondientes-\" class=\"elementor-tab-title eael-accordion-header\" tabindex=\"0\" data-tab=\"1\" aria-controls=\"elementor-tab-content-2261\"><span class=\"eael-advanced-accordion-icon-closed\"><\/span><span class=\"eael-advanced-accordion-icon-opened\"><i aria-hidden=\"true\" class=\"fa-accordion-icon fas fa-minus\"><\/i><\/span><span class=\"eael-accordion-tab-title\">We provide tax services with a team that boasts a sound academic background and a vast track-record in tax advisory, committed to providing a tailored, high-quality service and assistance in tax compliance. <\/span><i aria-hidden=\"true\" class=\"fa-toggle icon icon-down-arrow1\"><\/i><\/div><div id=\"elementor-tab-content-2261\" class=\"eael-accordion-content clearfix\" data-tab=\"1\" aria-labelledby=\"prestamos-servicios-en-el-rea-impositiva-con-un-equipo-que-posee-una-slida-formacin-y-una-amplia-experiencia-en-asesora-tributaria-con-el-compromiso-de-brindar-un-servicio-personalizado-de-alta-calidad-y-ofrecer-su-asistencia-para-el-cumplimiento-de-las-obligaciones-impositivas-correspondientes-\"><p><strong>Services include:\u00a0<\/strong><\/p>\n<ul>\n<li style=\"font-weight: 400\"><span style=\"font-weight: 400\">Tax planning.<\/span><\/li>\n<li style=\"font-weight: 400\"><span style=\"font-weight: 400\">Addressing specific inquiries.<\/span><\/li>\n<li style=\"font-weight: 400\"><span style=\"font-weight: 400\">Analysis of tax and social security strategies for specific situations.<\/span><\/li>\n<li style=\"font-weight: 400\"><span style=\"font-weight: 400\">Preparation and review of <\/span>national, provincial and municipal tax returns.<\/li>\n<li style=\"font-weight: 400\"><span style=\"font-weight: 400\">Advisory services related to tax registration, deregistration and exemptions.<\/span><\/li>\n<li style=\"font-weight: 400\"><span style=\"font-weight: 400\">Tax advisory services for Expatriates - Inpatriates.<\/span><\/li>\n<li style=\"font-weight: 400\"><span style=\"font-weight: 400\">International Tax Strategy.<\/span><\/li>\n<li style=\"font-weight: 400\"><span style=\"font-weight: 400\">Tax Due Diligence.<\/span><\/li>\n<li style=\"font-weight: 400\"><span style=\"font-weight: 400\">Preparation of tax protest briefs at an administrative and judicial level.<\/span><\/li>\n<li style=\"font-weight: 400\"><span style=\"font-weight: 400\">Assistance in official inspections.<\/span><\/li>\n<li style=\"font-weight: 400\"><span style=\"font-weight: 400\">VAT refunds related to exports.<\/span><\/li>\n<li style=\"font-weight: 400\"><span style=\"font-weight: 400\">Residencia fiscal<\/span><\/li>\n<\/ul><\/div>\n\t\t\t\t\t<\/div><\/div>\t\t\t\t<\/div>\n\t\t\t\t<\/div>\n\t\t\t\t\t<\/div>\n\t\t<\/div>\n\t\t\t\t\t<\/div>\n\t\t<\/section>\n\t\t\t\t<section class=\"elementor-section elementor-top-section elementor-element elementor-element-06f7736 elementor-section-full_width elementor-section-height-default elementor-section-height-default\" data-id=\"06f7736\" data-element_type=\"section\" data-e-type=\"section\" data-settings=\"{&quot;background_background&quot;:&quot;classic&quot;}\">\n\t\t\t\t\t\t<div class=\"elementor-container elementor-column-gap-default\">\n\t\t\t\t\t<div class=\"elementor-column elementor-col-100 elementor-top-column elementor-element elementor-element-106b635\" data-id=\"106b635\" data-element_type=\"column\" data-e-type=\"column\" data-settings=\"{&quot;background_background&quot;:&quot;gradient&quot;}\">\n\t\t\t<div class=\"elementor-widget-wrap elementor-element-populated\">\n\t\t\t\t\t\t<div class=\"elementor-element elementor-element-92553e6 elementor-tab-title eael-accordion-header show active eael-infobox-icon-bg-shape-none eael-infobox-icon-hover-bg-shape-none elementor-widget elementor-widget-eael-info-box\" data-id=\"92553e6\" data-element_type=\"widget\" data-e-type=\"widget\" data-widget_type=\"eael-info-box.default\">\n\t\t\t\t<div class=\"elementor-widget-container\">\n\t\t\t\t\t        <div class=\"eael-infobox icon-on-left\">\n\t            <div class=\"infobox-icon eael-icon-only\">\n\n            \n                            <div class=\"infobox-icon-wrap\">\n                    <i aria-hidden=\"true\" class=\"fas fa-angle-right\"><\/i>                <\/div>\n            \n            \n        <\/div>\n            <div class=\"infobox-content eael-icon-only\">\n                    <div class=\"infobox-title-section\">\n                <h2 class=\"title\">Taxes<\/h2>            <\/div>\n                    <\/div>\n            <\/div>\n\n\t\t\t\t\t\t<\/div>\n\t\t\t\t<\/div>\n\t\t\t\t<div class=\"elementor-element elementor-element-d94a8cd elementor-widget elementor-widget-text-editor\" data-id=\"d94a8cd\" data-element_type=\"widget\" data-e-type=\"widget\" data-widget_type=\"text-editor.default\">\n\t\t\t\t<div class=\"elementor-widget-container\">\n\t\t\t\t\t\t\t\t\t<p>We provide tax services with a team that boasts a sound academic background and a vast track-record in tax advisory, committed to providing a tailored, high-quality service and assistance in tax compliance.<\/p>\t\t\t\t\t\t\t\t<\/div>\n\t\t\t\t<\/div>\n\t\t\t\t<div class=\"elementor-element elementor-element-d5afe83 elementor-widget elementor-widget-text-editor\" data-id=\"d5afe83\" data-element_type=\"widget\" data-e-type=\"widget\" data-widget_type=\"text-editor.default\">\n\t\t\t\t<div class=\"elementor-widget-container\">\n\t\t\t\t\t\t\t\t\t<p><strong>Services include:\u00a0<\/strong><\/p><ul><li style=\"font-weight: 400;\" aria-level=\"1\"><span style=\"font-weight: 400;\">Tax planning.<\/span><\/li><li style=\"font-weight: 400;\" aria-level=\"1\"><span style=\"font-weight: 400;\">Addressing specific inquiries.<\/span><\/li><li style=\"font-weight: 400;\" aria-level=\"1\"><span style=\"font-weight: 400;\">Analysis of tax and social security strategies for specific situations.<\/span><\/li><li style=\"font-weight: 400;\" aria-level=\"1\"><span style=\"font-weight: 400;\">Preparation and review of <\/span>national, provincial and municipal tax returns.<\/li><li style=\"font-weight: 400;\" aria-level=\"1\"><span style=\"font-weight: 400;\">Advisory services related to tax registration, deregistration and exemptions.<\/span><\/li><li style=\"font-weight: 400;\" aria-level=\"1\"><span style=\"font-weight: 400;\">Tax advisory services for Expatriates - Inpatriates.<\/span><\/li><li style=\"font-weight: 400;\" aria-level=\"1\"><span style=\"font-weight: 400;\">International Tax Strategy.<\/span><\/li><li style=\"font-weight: 400;\" aria-level=\"1\"><span style=\"font-weight: 400;\">Tax Due Diligence.<\/span><\/li><li style=\"font-weight: 400;\" aria-level=\"1\"><span style=\"font-weight: 400;\">Preparation of tax protest briefs at an administrative and judicial level.<\/span><\/li><li style=\"font-weight: 400;\" aria-level=\"1\"><span style=\"font-weight: 400;\">Assistance in official inspections.<\/span><\/li><li style=\"font-weight: 400;\" aria-level=\"1\"><span style=\"font-weight: 400;\">VAT refunds related to exports.<\/span><\/li><li style=\"font-weight: 400;\" aria-level=\"1\"><span style=\"font-weight: 400;\">Tax residence.<\/span><\/li><\/ul>\t\t\t\t\t\t\t\t<\/div>\n\t\t\t\t<\/div>\n\t\t\t\t\t<\/div>\n\t\t<\/div>\n\t\t\t\t\t<\/div>\n\t\t<\/section>\n\t\t\t\t<\/div>","protected":false},"excerpt":{"rendered":"<p>Impuestos Auditor\u00eda Precios de Transferencia Consultor\u00eda Loan Staff Capacitaci\u00f3n Outsourcing Impuestos Prestamos servicios en el \u00e1rea impositiva con un equipo que posee una s\u00f3lida formaci\u00f3n y una amplia experiencia en asesor\u00eda tributaria, con el compromiso de brindar un servicio personalizado, de alta calidad, y ofrecer su asistencia para el cumplimiento de las obligaciones impositivas correspondientes. &#8230; <a title=\"Taxes\" class=\"read-more\" href=\"http:\/\/shilton.com.ar\/eng\/impuestos\/\" aria-label=\"Read more about Impuestos\">Read more<\/a><\/p>","protected":false},"author":1,"featured_media":0,"parent":0,"menu_order":0,"comment_status":"closed","ping_status":"closed","template":"elementor_header_footer","meta":{"footnotes":""},"class_list":["post-1662","page","type-page","status-publish"],"yoast_head":"<!-- This site is optimized with the Yoast SEO plugin v27.4 - https:\/\/yoast.com\/product\/yoast-seo-wordpress\/ -->\n<title>Impuestos - Shilton, Weyers &amp; Asociados<\/title>\n<meta name=\"robots\" content=\"index, follow, max-snippet:-1, max-image-preview:large, max-video-preview:-1\" \/>\n<link rel=\"canonical\" href=\"https:\/\/shilton.com.ar\/eng\/impuestos\/\" \/>\n<meta property=\"og:locale\" content=\"en_US\" \/>\n<meta property=\"og:type\" content=\"article\" \/>\n<meta property=\"og:title\" content=\"Impuestos - Shilton, Weyers &amp; Asociados\" \/>\n<meta property=\"og:description\" content=\"Impuestos Auditor\u00eda Precios de Transferencia Consultor\u00eda Loan Staff Capacitaci\u00f3n Outsourcing Impuestos Prestamos servicios en el \u00e1rea impositiva con un equipo que posee una s\u00f3lida formaci\u00f3n y una amplia experiencia en asesor\u00eda tributaria, con el compromiso de brindar un servicio personalizado, de alta calidad, y ofrecer su asistencia para el cumplimiento de las obligaciones impositivas correspondientes. ... Read more\" \/>\n<meta property=\"og:url\" content=\"https:\/\/shilton.com.ar\/eng\/impuestos\/\" \/>\n<meta property=\"og:site_name\" content=\"Shilton, Weyers &amp; Asociados\" \/>\n<meta property=\"article:modified_time\" content=\"2022-08-04T14:48:08+00:00\" \/>\n<meta name=\"twitter:card\" content=\"summary_large_image\" \/>\n<meta name=\"twitter:label1\" content=\"Est. reading time\" \/>\n\t<meta name=\"twitter:data1\" content=\"1 minute\" \/>\n<script type=\"application\/ld+json\" class=\"yoast-schema-graph\">{\"@context\":\"https:\\\/\\\/schema.org\",\"@graph\":[{\"@type\":\"WebPage\",\"@id\":\"https:\\\/\\\/shilton.com.ar\\\/impuestos\\\/\",\"url\":\"https:\\\/\\\/shilton.com.ar\\\/impuestos\\\/\",\"name\":\"Impuestos - Shilton, Weyers &amp; Asociados\",\"isPartOf\":{\"@id\":\"https:\\\/\\\/shilton.com.ar\\\/#website\"},\"datePublished\":\"2022-05-30T13:09:51+00:00\",\"dateModified\":\"2022-08-04T14:48:08+00:00\",\"breadcrumb\":{\"@id\":\"https:\\\/\\\/shilton.com.ar\\\/impuestos\\\/#breadcrumb\"},\"inLanguage\":\"en-US\",\"potentialAction\":[{\"@type\":\"ReadAction\",\"target\":[\"https:\\\/\\\/shilton.com.ar\\\/impuestos\\\/\"]}]},{\"@type\":\"BreadcrumbList\",\"@id\":\"https:\\\/\\\/shilton.com.ar\\\/impuestos\\\/#breadcrumb\",\"itemListElement\":[{\"@type\":\"ListItem\",\"position\":1,\"name\":\"Inicio\",\"item\":\"https:\\\/\\\/shilton.com.ar\\\/\"},{\"@type\":\"ListItem\",\"position\":2,\"name\":\"Impuestos\"}]},{\"@type\":\"WebSite\",\"@id\":\"https:\\\/\\\/shilton.com.ar\\\/#website\",\"url\":\"https:\\\/\\\/shilton.com.ar\\\/\",\"name\":\"Shilton, Weyers &amp; Asociados\",\"description\":\"Consultora\",\"publisher\":{\"@id\":\"https:\\\/\\\/shilton.com.ar\\\/#organization\"},\"potentialAction\":[{\"@type\":\"SearchAction\",\"target\":{\"@type\":\"EntryPoint\",\"urlTemplate\":\"https:\\\/\\\/shilton.com.ar\\\/?s={search_term_string}\"},\"query-input\":{\"@type\":\"PropertyValueSpecification\",\"valueRequired\":true,\"valueName\":\"search_term_string\"}}],\"inLanguage\":\"en-US\"},{\"@type\":\"Organization\",\"@id\":\"https:\\\/\\\/shilton.com.ar\\\/#organization\",\"name\":\"Shilton, Weyers & Asociados\",\"url\":\"https:\\\/\\\/shilton.com.ar\\\/\",\"logo\":{\"@type\":\"ImageObject\",\"inLanguage\":\"en-US\",\"@id\":\"https:\\\/\\\/shilton.com.ar\\\/#\\\/schema\\\/logo\\\/image\\\/\",\"url\":\"http:\\\/\\\/shilton.com.ar\\\/wp-content\\\/uploads\\\/2021\\\/11\\\/cropped-shilton-horizontal-positivo-transparente.png\",\"contentUrl\":\"http:\\\/\\\/shilton.com.ar\\\/wp-content\\\/uploads\\\/2021\\\/11\\\/cropped-shilton-horizontal-positivo-transparente.png\",\"width\":842,\"height\":338,\"caption\":\"Shilton, Weyers & Asociados\"},\"image\":{\"@id\":\"https:\\\/\\\/shilton.com.ar\\\/#\\\/schema\\\/logo\\\/image\\\/\"}}]}<\/script>\n<!-- \/ Yoast SEO plugin. -->","yoast_head_json":{"title":"Impuestos - Shilton, Weyers &amp; Asociados","robots":{"index":"index","follow":"follow","max-snippet":"max-snippet:-1","max-image-preview":"max-image-preview:large","max-video-preview":"max-video-preview:-1"},"canonical":"https:\/\/shilton.com.ar\/eng\/impuestos\/","og_locale":"en_US","og_type":"article","og_title":"Impuestos - Shilton, Weyers &amp; Asociados","og_description":"Impuestos Auditor\u00eda Precios de Transferencia Consultor\u00eda Loan Staff Capacitaci\u00f3n Outsourcing Impuestos Prestamos servicios en el \u00e1rea impositiva con un equipo que posee una s\u00f3lida formaci\u00f3n y una amplia experiencia en asesor\u00eda tributaria, con el compromiso de brindar un servicio personalizado, de alta calidad, y ofrecer su asistencia para el cumplimiento de las obligaciones impositivas correspondientes. ... Read more","og_url":"https:\/\/shilton.com.ar\/eng\/impuestos\/","og_site_name":"Shilton, Weyers &amp; Asociados","article_modified_time":"2022-08-04T14:48:08+00:00","twitter_card":"summary_large_image","twitter_misc":{"Est. reading time":"1 minute"},"schema":{"@context":"https:\/\/schema.org","@graph":[{"@type":"WebPage","@id":"https:\/\/shilton.com.ar\/impuestos\/","url":"https:\/\/shilton.com.ar\/impuestos\/","name":"Impuestos - Shilton, Weyers &amp; Asociados","isPartOf":{"@id":"https:\/\/shilton.com.ar\/#website"},"datePublished":"2022-05-30T13:09:51+00:00","dateModified":"2022-08-04T14:48:08+00:00","breadcrumb":{"@id":"https:\/\/shilton.com.ar\/impuestos\/#breadcrumb"},"inLanguage":"en-US","potentialAction":[{"@type":"ReadAction","target":["https:\/\/shilton.com.ar\/impuestos\/"]}]},{"@type":"BreadcrumbList","@id":"https:\/\/shilton.com.ar\/impuestos\/#breadcrumb","itemListElement":[{"@type":"ListItem","position":1,"name":"Inicio","item":"https:\/\/shilton.com.ar\/"},{"@type":"ListItem","position":2,"name":"Impuestos"}]},{"@type":"WebSite","@id":"https:\/\/shilton.com.ar\/#website","url":"https:\/\/shilton.com.ar\/","name":"Shilton, Weyers &amp; Asociados","description":"Consultora","publisher":{"@id":"https:\/\/shilton.com.ar\/#organization"},"potentialAction":[{"@type":"SearchAction","target":{"@type":"EntryPoint","urlTemplate":"https:\/\/shilton.com.ar\/?s={search_term_string}"},"query-input":{"@type":"PropertyValueSpecification","valueRequired":true,"valueName":"search_term_string"}}],"inLanguage":"en-US"},{"@type":"Organization","@id":"https:\/\/shilton.com.ar\/#organization","name":"Shilton, Weyers & Asociados","url":"https:\/\/shilton.com.ar\/","logo":{"@type":"ImageObject","inLanguage":"en-US","@id":"https:\/\/shilton.com.ar\/#\/schema\/logo\/image\/","url":"http:\/\/shilton.com.ar\/wp-content\/uploads\/2021\/11\/cropped-shilton-horizontal-positivo-transparente.png","contentUrl":"http:\/\/shilton.com.ar\/wp-content\/uploads\/2021\/11\/cropped-shilton-horizontal-positivo-transparente.png","width":842,"height":338,"caption":"Shilton, Weyers & Asociados"},"image":{"@id":"https:\/\/shilton.com.ar\/#\/schema\/logo\/image\/"}}]}},"_links":{"self":[{"href":"http:\/\/shilton.com.ar\/eng\/wp-json\/wp\/v2\/pages\/1662","targetHints":{"allow":["GET"]}}],"collection":[{"href":"http:\/\/shilton.com.ar\/eng\/wp-json\/wp\/v2\/pages"}],"about":[{"href":"http:\/\/shilton.com.ar\/eng\/wp-json\/wp\/v2\/types\/page"}],"author":[{"embeddable":true,"href":"http:\/\/shilton.com.ar\/eng\/wp-json\/wp\/v2\/users\/1"}],"replies":[{"embeddable":true,"href":"http:\/\/shilton.com.ar\/eng\/wp-json\/wp\/v2\/comments?post=1662"}],"version-history":[{"count":43,"href":"http:\/\/shilton.com.ar\/eng\/wp-json\/wp\/v2\/pages\/1662\/revisions"}],"predecessor-version":[{"id":2089,"href":"http:\/\/shilton.com.ar\/eng\/wp-json\/wp\/v2\/pages\/1662\/revisions\/2089"}],"wp:attachment":[{"href":"http:\/\/shilton.com.ar\/eng\/wp-json\/wp\/v2\/media?parent=1662"}],"curies":[{"name":"wp","href":"https:\/\/api.w.org\/{rel}","templated":true}]}}