{"id":1543,"date":"2022-05-29T01:00:43","date_gmt":"2022-05-29T04:00:43","guid":{"rendered":"http:\/\/c1301678.ferozo.com\/?page_id=1543"},"modified":"2022-08-12T10:18:42","modified_gmt":"2022-08-12T13:18:42","slug":"industriales","status":"publish","type":"page","link":"http:\/\/shilton.com.ar\/eng\/industriales\/","title":{"rendered":"Industrial"},"content":{"rendered":"<div data-elementor-type=\"wp-page\" data-elementor-id=\"1543\" class=\"elementor elementor-1543\">\n\t\t\t\t\t\t<section class=\"elementor-section elementor-top-section elementor-element elementor-element-4c0f4919 elementor-section-height-min-height elementor-section-full_width elementor-section-stretched elementor-section-height-default elementor-section-items-middle\" data-id=\"4c0f4919\" data-element_type=\"section\" data-e-type=\"section\" data-settings=\"{&quot;background_background&quot;:&quot;classic&quot;,&quot;stretch_section&quot;:&quot;section-stretched&quot;}\">\n\t\t\t\t\t\t\t<div class=\"elementor-background-overlay\"><\/div>\n\t\t\t\t\t\t\t<div class=\"elementor-container elementor-column-gap-no\">\n\t\t\t\t\t<div class=\"elementor-column elementor-col-100 elementor-top-column elementor-element elementor-element-2163d44d\" data-id=\"2163d44d\" data-element_type=\"column\" data-e-type=\"column\">\n\t\t\t<div class=\"elementor-widget-wrap elementor-element-populated\">\n\t\t\t\t\t\t<div class=\"elementor-element elementor-element-24f92b74 elementor-widget elementor-widget-heading\" data-id=\"24f92b74\" data-element_type=\"widget\" data-e-type=\"widget\" data-widget_type=\"heading.default\">\n\t\t\t\t<div class=\"elementor-widget-container\">\n\t\t\t\t\t<h2 class=\"elementor-heading-title elementor-size-default\">Our clients<\/h2>\t\t\t\t<\/div>\n\t\t\t\t<\/div>\n\t\t\t\t\t<\/div>\n\t\t<\/div>\n\t\t\t\t\t<\/div>\n\t\t<\/section>\n\t\t\t\t<section class=\"elementor-section elementor-top-section elementor-element elementor-element-67266593 elementor-section-full_width elementor-section-height-default elementor-section-height-default\" data-id=\"67266593\" data-element_type=\"section\" data-e-type=\"section\" data-settings=\"{&quot;background_background&quot;:&quot;classic&quot;}\">\n\t\t\t\t\t\t<div class=\"elementor-container elementor-column-gap-default\">\n\t\t\t\t\t<div class=\"elementor-column elementor-col-100 elementor-top-column elementor-element elementor-element-32b02ac1\" data-id=\"32b02ac1\" data-element_type=\"column\" data-e-type=\"column\" data-settings=\"{&quot;background_background&quot;:&quot;gradient&quot;}\">\n\t\t\t<div class=\"elementor-widget-wrap elementor-element-populated\">\n\t\t\t\t\t\t<div class=\"elementor-element elementor-element-3e4fb95c elementor-tab-title eael-accordion-header show active eael-infobox-icon-bg-shape-none eael-infobox-icon-hover-bg-shape-none elementor-widget elementor-widget-eael-info-box\" data-id=\"3e4fb95c\" data-element_type=\"widget\" data-e-type=\"widget\" data-widget_type=\"eael-info-box.default\">\n\t\t\t\t<div class=\"elementor-widget-container\">\n\t\t\t\t\t        <div class=\"eael-infobox icon-on-left\">\n\t            <div class=\"infobox-icon eael-icon-only\">\n\n            \n                            <div class=\"infobox-icon-wrap\">\n                    <i aria-hidden=\"true\" class=\"fas fa-angle-right\"><\/i>                <\/div>\n            \n            \n        <\/div>\n            <div class=\"infobox-content eael-icon-only\">\n                    <div class=\"infobox-title-section\">\n                <h2 class=\"title\">Industrial<\/h2>            <\/div>\n                    <\/div>\n            <\/div>\n\n\t\t\t\t\t\t<\/div>\n\t\t\t\t<\/div>\n\t\t\t\t<div class=\"elementor-element elementor-element-2d16c61e elementor-widget elementor-widget-text-editor\" data-id=\"2d16c61e\" data-element_type=\"widget\" data-e-type=\"widget\" data-widget_type=\"text-editor.default\">\n\t\t\t\t<div class=\"elementor-widget-container\">\n\t\t\t\t\t\t\t\t\t<p><strong>Clientes:\u00a0<\/strong><\/p>\n<ul>\n<li class=\"li1\">Aguas de Danone S.A.<\/li>\n<li class=\"li1\">Alejandro Llauro e Hijos S.A.<\/li>\n<li class=\"li1\">Anaer\u00f3bicos S.A.<\/li>\n<li class=\"li1\">Ant\u00e1rtida Pesquera Industrial S.A.<\/li>\n<li class=\"li1\">Arenas Argentinas del Paran\u00e1<\/li>\n<li class=\"li1\">Blasting S.A.<\/li>\n<li class=\"li1\">Bodegas El Cigarral S.A.<\/li>\n<li class=\"li1\">Bodegas Savya S.A.<\/li>\n<li class=\"li1\">Casiraghi Hnos. S.A.<\/li>\n<li class=\"li1\">Chevron Argentina<\/li>\n<li class=\"li1\">Clion Polimeros S.A.<\/li>\n<li class=\"li1\">Clorox S.A.<\/li>\n<li class=\"li1\">Dana Argentina S.A. (Grupo Dana)<\/li>\n<li class=\"li1\">Delphi Packard Argentina S.A. (ex TCA Arg. S.A.)<\/li>\n<li class=\"li1\">Desler S.A.<\/li>\n<li class=\"li1\">Engelmann Hnos. S.A.<\/li>\n<li class=\"li1\">EQA S.A.<\/li>\n<li class=\"li1\">Forestadora Tapebicua S.A.<\/li>\n<li class=\"li1\">Iberconsa de Argentina S.A.<\/li>\n<li class=\"li1\">Ind. Metal\u00fargicas Pescarmona S.A.<\/li>\n<li class=\"li1\">IPES S.A.<\/li>\n<li class=\"li1\">Kolynos S.A.<\/li>\n<li class=\"li1\">Massalin Particulares S.A.<\/li>\n<li class=\"li1\">Massey Ferguson Arg. S.A.<\/li>\n<li class=\"li1\">Motorarg S.A.<\/li>\n<li class=\"li1\">Poclain Maquinarias S.A.<\/li>\n<li class=\"li1\">Provisi\u00f3n Sider\u00fargica S.A.<\/li>\n<li class=\"li1\">Robert Bosch S.A. &#8211; Frenos Bendix<\/li>\n<li class=\"li1\">Spicer Ejes Pesados S.A.<\/li>\n<li class=\"li1\">Sun Chemical Ink. S.A.<\/li>\n<li class=\"li1\">Texa Textil Americana S.A.<\/li>\n<li class=\"li1\">Trico Latinoamericana S.A.<\/li>\n<li class=\"li1\">Utsch Argentina S.A.C.<\/li>\n<li class=\"li1\">Worthington Argentina S.A.<\/li>\n<\/ul>\t\t\t\t\t\t\t\t<\/div>\n\t\t\t\t<\/div>\n\t\t\t\t\t<\/div>\n\t\t<\/div>\n\t\t\t\t\t<\/div>\n\t\t<\/section>\n\t\t\t\t<\/div>","protected":false},"excerpt":{"rendered":"<p>Nuestros clientes Industriales Clientes:\u00a0 Aguas de Danone S.A. Alejandro Llauro e Hijos S.A. Anaer\u00f3bicos S.A. Ant\u00e1rtida Pesquera Industrial S.A. Arenas Argentinas del Paran\u00e1 Blasting S.A. Bodegas El Cigarral S.A. Bodegas Savya S.A. Casiraghi Hnos. S.A. Chevron Argentina Clion Polimeros S.A. Clorox S.A. Dana Argentina S.A. (Grupo Dana) Delphi Packard Argentina S.A. (ex TCA Arg. S.A.) &#8230; <a title=\"Industrial\" class=\"read-more\" href=\"http:\/\/shilton.com.ar\/eng\/industriales\/\" aria-label=\"Read more about Industriales\">Read more<\/a><\/p>","protected":false},"author":1,"featured_media":0,"parent":0,"menu_order":0,"comment_status":"closed","ping_status":"closed","template":"elementor_header_footer","meta":{"footnotes":""},"class_list":["post-1543","page","type-page","status-publish"],"yoast_head":"<!-- This site is optimized with the Yoast SEO plugin v27.4 - https:\/\/yoast.com\/product\/yoast-seo-wordpress\/ -->\n<title>Industriales - Shilton, Weyers &amp; Asociados<\/title>\n<meta name=\"robots\" content=\"index, follow, max-snippet:-1, max-image-preview:large, max-video-preview:-1\" \/>\n<link rel=\"canonical\" href=\"https:\/\/shilton.com.ar\/eng\/industriales\/\" \/>\n<meta property=\"og:locale\" content=\"en_US\" \/>\n<meta property=\"og:type\" content=\"article\" \/>\n<meta property=\"og:title\" content=\"Industriales - Shilton, Weyers &amp; Asociados\" \/>\n<meta property=\"og:description\" content=\"Nuestros clientes Industriales Clientes:\u00a0 Aguas de Danone S.A. Alejandro Llauro e Hijos S.A. Anaer\u00f3bicos S.A. Ant\u00e1rtida Pesquera Industrial S.A. Arenas Argentinas del Paran\u00e1 Blasting S.A. Bodegas El Cigarral S.A. Bodegas Savya S.A. Casiraghi Hnos. S.A. Chevron Argentina Clion Polimeros S.A. Clorox S.A. Dana Argentina S.A. (Grupo Dana) Delphi Packard Argentina S.A. (ex TCA Arg. S.A.) ... Read more\" \/>\n<meta property=\"og:url\" content=\"https:\/\/shilton.com.ar\/eng\/industriales\/\" \/>\n<meta property=\"og:site_name\" content=\"Shilton, Weyers &amp; Asociados\" \/>\n<meta property=\"article:modified_time\" content=\"2022-08-12T13:18:42+00:00\" \/>\n<meta name=\"twitter:card\" content=\"summary_large_image\" \/>\n<meta name=\"twitter:label1\" content=\"Est. reading time\" \/>\n\t<meta name=\"twitter:data1\" content=\"1 minute\" \/>\n<script type=\"application\/ld+json\" class=\"yoast-schema-graph\">{\"@context\":\"https:\\\/\\\/schema.org\",\"@graph\":[{\"@type\":\"WebPage\",\"@id\":\"https:\\\/\\\/shilton.com.ar\\\/industriales\\\/\",\"url\":\"https:\\\/\\\/shilton.com.ar\\\/industriales\\\/\",\"name\":\"Industriales - Shilton, Weyers &amp; Asociados\",\"isPartOf\":{\"@id\":\"https:\\\/\\\/shilton.com.ar\\\/#website\"},\"datePublished\":\"2022-05-29T04:00:43+00:00\",\"dateModified\":\"2022-08-12T13:18:42+00:00\",\"breadcrumb\":{\"@id\":\"https:\\\/\\\/shilton.com.ar\\\/industriales\\\/#breadcrumb\"},\"inLanguage\":\"en-US\",\"potentialAction\":[{\"@type\":\"ReadAction\",\"target\":[\"https:\\\/\\\/shilton.com.ar\\\/industriales\\\/\"]}]},{\"@type\":\"BreadcrumbList\",\"@id\":\"https:\\\/\\\/shilton.com.ar\\\/industriales\\\/#breadcrumb\",\"itemListElement\":[{\"@type\":\"ListItem\",\"position\":1,\"name\":\"Inicio\",\"item\":\"https:\\\/\\\/shilton.com.ar\\\/\"},{\"@type\":\"ListItem\",\"position\":2,\"name\":\"Industriales\"}]},{\"@type\":\"WebSite\",\"@id\":\"https:\\\/\\\/shilton.com.ar\\\/#website\",\"url\":\"https:\\\/\\\/shilton.com.ar\\\/\",\"name\":\"Shilton, Weyers &amp; Asociados\",\"description\":\"Consultora\",\"publisher\":{\"@id\":\"https:\\\/\\\/shilton.com.ar\\\/#organization\"},\"potentialAction\":[{\"@type\":\"SearchAction\",\"target\":{\"@type\":\"EntryPoint\",\"urlTemplate\":\"https:\\\/\\\/shilton.com.ar\\\/?s={search_term_string}\"},\"query-input\":{\"@type\":\"PropertyValueSpecification\",\"valueRequired\":true,\"valueName\":\"search_term_string\"}}],\"inLanguage\":\"en-US\"},{\"@type\":\"Organization\",\"@id\":\"https:\\\/\\\/shilton.com.ar\\\/#organization\",\"name\":\"Shilton, Weyers & Asociados\",\"url\":\"https:\\\/\\\/shilton.com.ar\\\/\",\"logo\":{\"@type\":\"ImageObject\",\"inLanguage\":\"en-US\",\"@id\":\"https:\\\/\\\/shilton.com.ar\\\/#\\\/schema\\\/logo\\\/image\\\/\",\"url\":\"http:\\\/\\\/shilton.com.ar\\\/wp-content\\\/uploads\\\/2021\\\/11\\\/cropped-shilton-horizontal-positivo-transparente.png\",\"contentUrl\":\"http:\\\/\\\/shilton.com.ar\\\/wp-content\\\/uploads\\\/2021\\\/11\\\/cropped-shilton-horizontal-positivo-transparente.png\",\"width\":842,\"height\":338,\"caption\":\"Shilton, Weyers & Asociados\"},\"image\":{\"@id\":\"https:\\\/\\\/shilton.com.ar\\\/#\\\/schema\\\/logo\\\/image\\\/\"}}]}<\/script>\n<!-- \/ Yoast SEO plugin. -->","yoast_head_json":{"title":"Industriales - Shilton, Weyers &amp; Asociados","robots":{"index":"index","follow":"follow","max-snippet":"max-snippet:-1","max-image-preview":"max-image-preview:large","max-video-preview":"max-video-preview:-1"},"canonical":"https:\/\/shilton.com.ar\/eng\/industriales\/","og_locale":"en_US","og_type":"article","og_title":"Industriales - Shilton, Weyers &amp; Asociados","og_description":"Nuestros clientes Industriales Clientes:\u00a0 Aguas de Danone S.A. Alejandro Llauro e Hijos S.A. Anaer\u00f3bicos S.A. Ant\u00e1rtida Pesquera Industrial S.A. Arenas Argentinas del Paran\u00e1 Blasting S.A. Bodegas El Cigarral S.A. Bodegas Savya S.A. Casiraghi Hnos. S.A. Chevron Argentina Clion Polimeros S.A. Clorox S.A. Dana Argentina S.A. (Grupo Dana) Delphi Packard Argentina S.A. (ex TCA Arg. S.A.) ... Read more","og_url":"https:\/\/shilton.com.ar\/eng\/industriales\/","og_site_name":"Shilton, Weyers &amp; Asociados","article_modified_time":"2022-08-12T13:18:42+00:00","twitter_card":"summary_large_image","twitter_misc":{"Est. reading time":"1 minute"},"schema":{"@context":"https:\/\/schema.org","@graph":[{"@type":"WebPage","@id":"https:\/\/shilton.com.ar\/industriales\/","url":"https:\/\/shilton.com.ar\/industriales\/","name":"Industriales - Shilton, Weyers &amp; Asociados","isPartOf":{"@id":"https:\/\/shilton.com.ar\/#website"},"datePublished":"2022-05-29T04:00:43+00:00","dateModified":"2022-08-12T13:18:42+00:00","breadcrumb":{"@id":"https:\/\/shilton.com.ar\/industriales\/#breadcrumb"},"inLanguage":"en-US","potentialAction":[{"@type":"ReadAction","target":["https:\/\/shilton.com.ar\/industriales\/"]}]},{"@type":"BreadcrumbList","@id":"https:\/\/shilton.com.ar\/industriales\/#breadcrumb","itemListElement":[{"@type":"ListItem","position":1,"name":"Inicio","item":"https:\/\/shilton.com.ar\/"},{"@type":"ListItem","position":2,"name":"Industriales"}]},{"@type":"WebSite","@id":"https:\/\/shilton.com.ar\/#website","url":"https:\/\/shilton.com.ar\/","name":"Shilton, Weyers &amp; Asociados","description":"Consultora","publisher":{"@id":"https:\/\/shilton.com.ar\/#organization"},"potentialAction":[{"@type":"SearchAction","target":{"@type":"EntryPoint","urlTemplate":"https:\/\/shilton.com.ar\/?s={search_term_string}"},"query-input":{"@type":"PropertyValueSpecification","valueRequired":true,"valueName":"search_term_string"}}],"inLanguage":"en-US"},{"@type":"Organization","@id":"https:\/\/shilton.com.ar\/#organization","name":"Shilton, Weyers & Asociados","url":"https:\/\/shilton.com.ar\/","logo":{"@type":"ImageObject","inLanguage":"en-US","@id":"https:\/\/shilton.com.ar\/#\/schema\/logo\/image\/","url":"http:\/\/shilton.com.ar\/wp-content\/uploads\/2021\/11\/cropped-shilton-horizontal-positivo-transparente.png","contentUrl":"http:\/\/shilton.com.ar\/wp-content\/uploads\/2021\/11\/cropped-shilton-horizontal-positivo-transparente.png","width":842,"height":338,"caption":"Shilton, Weyers & Asociados"},"image":{"@id":"https:\/\/shilton.com.ar\/#\/schema\/logo\/image\/"}}]}},"_links":{"self":[{"href":"http:\/\/shilton.com.ar\/eng\/wp-json\/wp\/v2\/pages\/1543","targetHints":{"allow":["GET"]}}],"collection":[{"href":"http:\/\/shilton.com.ar\/eng\/wp-json\/wp\/v2\/pages"}],"about":[{"href":"http:\/\/shilton.com.ar\/eng\/wp-json\/wp\/v2\/types\/page"}],"author":[{"embeddable":true,"href":"http:\/\/shilton.com.ar\/eng\/wp-json\/wp\/v2\/users\/1"}],"replies":[{"embeddable":true,"href":"http:\/\/shilton.com.ar\/eng\/wp-json\/wp\/v2\/comments?post=1543"}],"version-history":[{"count":14,"href":"http:\/\/shilton.com.ar\/eng\/wp-json\/wp\/v2\/pages\/1543\/revisions"}],"predecessor-version":[{"id":2508,"href":"http:\/\/shilton.com.ar\/eng\/wp-json\/wp\/v2\/pages\/1543\/revisions\/2508"}],"wp:attachment":[{"href":"http:\/\/shilton.com.ar\/eng\/wp-json\/wp\/v2\/media?parent=1543"}],"curies":[{"name":"wp","href":"https:\/\/api.w.org\/{rel}","templated":true}]}}