{"id":1496,"date":"2022-05-29T00:48:18","date_gmt":"2022-05-29T03:48:18","guid":{"rendered":"http:\/\/c1301678.ferozo.com\/?page_id=1496"},"modified":"2022-08-12T11:00:57","modified_gmt":"2022-08-12T14:00:57","slug":"petroleo-y-gas","status":"publish","type":"page","link":"http:\/\/shilton.com.ar\/eng\/petroleo-y-gas\/","title":{"rendered":"Oil and gas"},"content":{"rendered":"<div data-elementor-type=\"wp-page\" data-elementor-id=\"1496\" class=\"elementor elementor-1496\">\n\t\t\t\t\t\t<section class=\"elementor-section elementor-top-section elementor-element elementor-element-2de340f0 elementor-section-height-min-height elementor-section-full_width elementor-section-stretched elementor-section-height-default elementor-section-items-middle\" data-id=\"2de340f0\" data-element_type=\"section\" data-e-type=\"section\" data-settings=\"{&quot;background_background&quot;:&quot;classic&quot;,&quot;stretch_section&quot;:&quot;section-stretched&quot;}\">\n\t\t\t\t\t\t\t<div class=\"elementor-background-overlay\"><\/div>\n\t\t\t\t\t\t\t<div class=\"elementor-container elementor-column-gap-no\">\n\t\t\t\t\t<div class=\"elementor-column elementor-col-100 elementor-top-column elementor-element elementor-element-1fe7d1e9\" data-id=\"1fe7d1e9\" data-element_type=\"column\" data-e-type=\"column\">\n\t\t\t<div class=\"elementor-widget-wrap elementor-element-populated\">\n\t\t\t\t\t\t<div class=\"elementor-element elementor-element-5be234b6 elementor-widget elementor-widget-heading\" data-id=\"5be234b6\" data-element_type=\"widget\" data-e-type=\"widget\" data-widget_type=\"heading.default\">\n\t\t\t\t<div class=\"elementor-widget-container\">\n\t\t\t\t\t<h2 class=\"elementor-heading-title elementor-size-default\">Our clients<\/h2>\t\t\t\t<\/div>\n\t\t\t\t<\/div>\n\t\t\t\t\t<\/div>\n\t\t<\/div>\n\t\t\t\t\t<\/div>\n\t\t<\/section>\n\t\t\t\t<section class=\"elementor-section elementor-top-section elementor-element elementor-element-10fb453d elementor-section-full_width elementor-section-height-default elementor-section-height-default\" data-id=\"10fb453d\" data-element_type=\"section\" data-e-type=\"section\" data-settings=\"{&quot;background_background&quot;:&quot;classic&quot;}\">\n\t\t\t\t\t\t<div class=\"elementor-container elementor-column-gap-default\">\n\t\t\t\t\t<div class=\"elementor-column elementor-col-100 elementor-top-column elementor-element elementor-element-3a300d9c\" data-id=\"3a300d9c\" data-element_type=\"column\" data-e-type=\"column\" data-settings=\"{&quot;background_background&quot;:&quot;gradient&quot;}\">\n\t\t\t<div class=\"elementor-widget-wrap elementor-element-populated\">\n\t\t\t\t\t\t<div class=\"elementor-element elementor-element-4a90bf0d elementor-tab-title eael-accordion-header show active eael-infobox-icon-bg-shape-none eael-infobox-icon-hover-bg-shape-none elementor-widget elementor-widget-eael-info-box\" data-id=\"4a90bf0d\" data-element_type=\"widget\" data-e-type=\"widget\" data-widget_type=\"eael-info-box.default\">\n\t\t\t\t<div class=\"elementor-widget-container\">\n\t\t\t\t\t        <div class=\"eael-infobox icon-on-left\">\n\t            <div class=\"infobox-icon eael-icon-only\">\n\n            \n                            <div class=\"infobox-icon-wrap\">\n                    <i aria-hidden=\"true\" class=\"fas fa-angle-right\"><\/i>                <\/div>\n            \n            \n        <\/div>\n            <div class=\"infobox-content eael-icon-only\">\n                    <div class=\"infobox-title-section\">\n                <h2 class=\"title\">Oil and gas<\/h2>            <\/div>\n                    <\/div>\n            <\/div>\n\n\t\t\t\t\t\t<\/div>\n\t\t\t\t<\/div>\n\t\t\t\t<div class=\"elementor-element elementor-element-3393559f elementor-widget elementor-widget-text-editor\" data-id=\"3393559f\" data-element_type=\"widget\" data-e-type=\"widget\" data-widget_type=\"text-editor.default\">\n\t\t\t\t<div class=\"elementor-widget-container\">\n\t\t\t\t\t\t\t\t\t<p><strong>Clientes:\u00a0<\/strong><\/p>\n<ul>\n<li style=\"font-weight: 400;\" aria-level=\"1\">ASPRO Servicios Petroleros<\/li>\n<li style=\"font-weight: 400;\" aria-level=\"1\">B.H.P. Petroleum Suc.<\/li>\n<li style=\"font-weight: 400;\" aria-level=\"1\">Delta Compresiones S.R.L.<\/li>\n<li style=\"font-weight: 400;\" aria-level=\"1\">Energ\u00eda Argentina S.A.<\/li>\n<li style=\"font-weight: 400;\" aria-level=\"1\">Energ\u00eda Derivados del Petr\u00f3leo<\/li>\n<li style=\"font-weight: 400;\" aria-level=\"1\">Metrogas S.A.<\/li>\n<li style=\"font-weight: 400;\" aria-level=\"1\">Occidental Petrolera de Arg. Ltd<\/li>\n<li style=\"font-weight: 400;\" aria-level=\"1\">P\u00e9rez Companc<\/li>\n<li style=\"font-weight: 400;\" aria-level=\"1\">Petrobras Energ\u00eda S.A.<\/li>\n<li style=\"font-weight: 400;\" aria-level=\"1\">Petrolera El Tr\u00e9bol S.A.<\/li>\n<li style=\"font-weight: 400;\" aria-level=\"1\">Petroqu\u00edmica Cuyo S.A.<\/li>\n<li style=\"font-weight: 400;\" aria-level=\"1\">Petrosiel S.A.<\/li>\n<li style=\"font-weight: 400;\" aria-level=\"1\">Refiner\u00eda del Norte S.A.<\/li>\n<li style=\"font-weight: 400;\" aria-level=\"1\">Soenergy Argentina S.A.<\/li>\n<li style=\"font-weight: 400;\" aria-level=\"1\">Sol Petr\u00f3leo S.A.<\/li>\n<li style=\"font-weight: 400;\" aria-level=\"1\">Transportadora Gas del Norte S.A.<\/li>\n<li style=\"font-weight: 400;\" aria-level=\"1\">YPF Gas S.A.<\/li>\n<li style=\"font-weight: 400;\" aria-level=\"1\">YPF S.A.<\/li>\n<\/ul>\t\t\t\t\t\t\t\t<\/div>\n\t\t\t\t<\/div>\n\t\t\t\t\t<\/div>\n\t\t<\/div>\n\t\t\t\t\t<\/div>\n\t\t<\/section>\n\t\t\t\t<\/div>","protected":false},"excerpt":{"rendered":"<p>Nuestros clientes Petr\u00f3leo y Gas Clientes:\u00a0 ASPRO Servicios Petroleros B.H.P. Petroleum Suc. Delta Compresiones S.R.L. Energ\u00eda Argentina S.A. Energ\u00eda Derivados del Petr\u00f3leo Metrogas S.A. Occidental Petrolera de Arg. Ltd P\u00e9rez Companc Petrobras Energ\u00eda S.A. Petrolera El Tr\u00e9bol S.A. Petroqu\u00edmica Cuyo S.A. Petrosiel S.A. Refiner\u00eda del Norte S.A. Soenergy Argentina S.A. Sol Petr\u00f3leo S.A. Transportadora Gas &#8230; <a title=\"Oil and gas\" class=\"read-more\" href=\"http:\/\/shilton.com.ar\/eng\/petroleo-y-gas\/\" aria-label=\"Read more about Petr\u00f3leo y Gas\">Read more<\/a><\/p>","protected":false},"author":1,"featured_media":0,"parent":0,"menu_order":0,"comment_status":"closed","ping_status":"closed","template":"elementor_header_footer","meta":{"footnotes":""},"class_list":["post-1496","page","type-page","status-publish"],"yoast_head":"<!-- This site is optimized with the Yoast SEO plugin v27.4 - https:\/\/yoast.com\/product\/yoast-seo-wordpress\/ -->\n<title>Petr\u00f3leo y Gas - Shilton, Weyers &amp; Asociados<\/title>\n<meta name=\"robots\" content=\"index, follow, max-snippet:-1, max-image-preview:large, max-video-preview:-1\" \/>\n<link rel=\"canonical\" href=\"https:\/\/shilton.com.ar\/eng\/petroleo-y-gas\/\" \/>\n<meta property=\"og:locale\" content=\"en_US\" \/>\n<meta property=\"og:type\" content=\"article\" \/>\n<meta property=\"og:title\" content=\"Petr\u00f3leo y Gas - Shilton, Weyers &amp; Asociados\" \/>\n<meta property=\"og:description\" content=\"Nuestros clientes Petr\u00f3leo y Gas Clientes:\u00a0 ASPRO Servicios Petroleros B.H.P. Petroleum Suc. Delta Compresiones S.R.L. Energ\u00eda Argentina S.A. Energ\u00eda Derivados del Petr\u00f3leo Metrogas S.A. Occidental Petrolera de Arg. Ltd P\u00e9rez Companc Petrobras Energ\u00eda S.A. Petrolera El Tr\u00e9bol S.A. Petroqu\u00edmica Cuyo S.A. Petrosiel S.A. Refiner\u00eda del Norte S.A. Soenergy Argentina S.A. Sol Petr\u00f3leo S.A. Transportadora Gas ... Read more\" \/>\n<meta property=\"og:url\" content=\"https:\/\/shilton.com.ar\/eng\/petroleo-y-gas\/\" \/>\n<meta property=\"og:site_name\" content=\"Shilton, Weyers &amp; Asociados\" \/>\n<meta property=\"article:modified_time\" content=\"2022-08-12T14:00:57+00:00\" \/>\n<meta name=\"twitter:card\" content=\"summary_large_image\" \/>\n<script type=\"application\/ld+json\" class=\"yoast-schema-graph\">{\"@context\":\"https:\\\/\\\/schema.org\",\"@graph\":[{\"@type\":\"WebPage\",\"@id\":\"https:\\\/\\\/shilton.com.ar\\\/petroleo-y-gas\\\/\",\"url\":\"https:\\\/\\\/shilton.com.ar\\\/petroleo-y-gas\\\/\",\"name\":\"Petr\u00f3leo y Gas - Shilton, Weyers &amp; Asociados\",\"isPartOf\":{\"@id\":\"https:\\\/\\\/shilton.com.ar\\\/#website\"},\"datePublished\":\"2022-05-29T03:48:18+00:00\",\"dateModified\":\"2022-08-12T14:00:57+00:00\",\"breadcrumb\":{\"@id\":\"https:\\\/\\\/shilton.com.ar\\\/petroleo-y-gas\\\/#breadcrumb\"},\"inLanguage\":\"en-US\",\"potentialAction\":[{\"@type\":\"ReadAction\",\"target\":[\"https:\\\/\\\/shilton.com.ar\\\/petroleo-y-gas\\\/\"]}]},{\"@type\":\"BreadcrumbList\",\"@id\":\"https:\\\/\\\/shilton.com.ar\\\/petroleo-y-gas\\\/#breadcrumb\",\"itemListElement\":[{\"@type\":\"ListItem\",\"position\":1,\"name\":\"Inicio\",\"item\":\"https:\\\/\\\/shilton.com.ar\\\/\"},{\"@type\":\"ListItem\",\"position\":2,\"name\":\"Petr\u00f3leo y Gas\"}]},{\"@type\":\"WebSite\",\"@id\":\"https:\\\/\\\/shilton.com.ar\\\/#website\",\"url\":\"https:\\\/\\\/shilton.com.ar\\\/\",\"name\":\"Shilton, Weyers &amp; Asociados\",\"description\":\"Consultora\",\"publisher\":{\"@id\":\"https:\\\/\\\/shilton.com.ar\\\/#organization\"},\"potentialAction\":[{\"@type\":\"SearchAction\",\"target\":{\"@type\":\"EntryPoint\",\"urlTemplate\":\"https:\\\/\\\/shilton.com.ar\\\/?s={search_term_string}\"},\"query-input\":{\"@type\":\"PropertyValueSpecification\",\"valueRequired\":true,\"valueName\":\"search_term_string\"}}],\"inLanguage\":\"en-US\"},{\"@type\":\"Organization\",\"@id\":\"https:\\\/\\\/shilton.com.ar\\\/#organization\",\"name\":\"Shilton, Weyers & Asociados\",\"url\":\"https:\\\/\\\/shilton.com.ar\\\/\",\"logo\":{\"@type\":\"ImageObject\",\"inLanguage\":\"en-US\",\"@id\":\"https:\\\/\\\/shilton.com.ar\\\/#\\\/schema\\\/logo\\\/image\\\/\",\"url\":\"http:\\\/\\\/shilton.com.ar\\\/wp-content\\\/uploads\\\/2021\\\/11\\\/cropped-shilton-horizontal-positivo-transparente.png\",\"contentUrl\":\"http:\\\/\\\/shilton.com.ar\\\/wp-content\\\/uploads\\\/2021\\\/11\\\/cropped-shilton-horizontal-positivo-transparente.png\",\"width\":842,\"height\":338,\"caption\":\"Shilton, Weyers & Asociados\"},\"image\":{\"@id\":\"https:\\\/\\\/shilton.com.ar\\\/#\\\/schema\\\/logo\\\/image\\\/\"}}]}<\/script>\n<!-- \/ Yoast SEO plugin. -->","yoast_head_json":{"title":"Petr\u00f3leo y Gas - Shilton, Weyers &amp; Asociados","robots":{"index":"index","follow":"follow","max-snippet":"max-snippet:-1","max-image-preview":"max-image-preview:large","max-video-preview":"max-video-preview:-1"},"canonical":"https:\/\/shilton.com.ar\/eng\/petroleo-y-gas\/","og_locale":"en_US","og_type":"article","og_title":"Petr\u00f3leo y Gas - Shilton, Weyers &amp; Asociados","og_description":"Nuestros clientes Petr\u00f3leo y Gas Clientes:\u00a0 ASPRO Servicios Petroleros B.H.P. Petroleum Suc. Delta Compresiones S.R.L. Energ\u00eda Argentina S.A. Energ\u00eda Derivados del Petr\u00f3leo Metrogas S.A. Occidental Petrolera de Arg. Ltd P\u00e9rez Companc Petrobras Energ\u00eda S.A. Petrolera El Tr\u00e9bol S.A. Petroqu\u00edmica Cuyo S.A. Petrosiel S.A. Refiner\u00eda del Norte S.A. Soenergy Argentina S.A. Sol Petr\u00f3leo S.A. Transportadora Gas ... Read more","og_url":"https:\/\/shilton.com.ar\/eng\/petroleo-y-gas\/","og_site_name":"Shilton, Weyers &amp; Asociados","article_modified_time":"2022-08-12T14:00:57+00:00","twitter_card":"summary_large_image","schema":{"@context":"https:\/\/schema.org","@graph":[{"@type":"WebPage","@id":"https:\/\/shilton.com.ar\/petroleo-y-gas\/","url":"https:\/\/shilton.com.ar\/petroleo-y-gas\/","name":"Petr\u00f3leo y Gas - Shilton, Weyers &amp; Asociados","isPartOf":{"@id":"https:\/\/shilton.com.ar\/#website"},"datePublished":"2022-05-29T03:48:18+00:00","dateModified":"2022-08-12T14:00:57+00:00","breadcrumb":{"@id":"https:\/\/shilton.com.ar\/petroleo-y-gas\/#breadcrumb"},"inLanguage":"en-US","potentialAction":[{"@type":"ReadAction","target":["https:\/\/shilton.com.ar\/petroleo-y-gas\/"]}]},{"@type":"BreadcrumbList","@id":"https:\/\/shilton.com.ar\/petroleo-y-gas\/#breadcrumb","itemListElement":[{"@type":"ListItem","position":1,"name":"Inicio","item":"https:\/\/shilton.com.ar\/"},{"@type":"ListItem","position":2,"name":"Petr\u00f3leo y Gas"}]},{"@type":"WebSite","@id":"https:\/\/shilton.com.ar\/#website","url":"https:\/\/shilton.com.ar\/","name":"Shilton, Weyers &amp; Asociados","description":"Consultora","publisher":{"@id":"https:\/\/shilton.com.ar\/#organization"},"potentialAction":[{"@type":"SearchAction","target":{"@type":"EntryPoint","urlTemplate":"https:\/\/shilton.com.ar\/?s={search_term_string}"},"query-input":{"@type":"PropertyValueSpecification","valueRequired":true,"valueName":"search_term_string"}}],"inLanguage":"en-US"},{"@type":"Organization","@id":"https:\/\/shilton.com.ar\/#organization","name":"Shilton, Weyers & Asociados","url":"https:\/\/shilton.com.ar\/","logo":{"@type":"ImageObject","inLanguage":"en-US","@id":"https:\/\/shilton.com.ar\/#\/schema\/logo\/image\/","url":"http:\/\/shilton.com.ar\/wp-content\/uploads\/2021\/11\/cropped-shilton-horizontal-positivo-transparente.png","contentUrl":"http:\/\/shilton.com.ar\/wp-content\/uploads\/2021\/11\/cropped-shilton-horizontal-positivo-transparente.png","width":842,"height":338,"caption":"Shilton, Weyers & Asociados"},"image":{"@id":"https:\/\/shilton.com.ar\/#\/schema\/logo\/image\/"}}]}},"_links":{"self":[{"href":"http:\/\/shilton.com.ar\/eng\/wp-json\/wp\/v2\/pages\/1496","targetHints":{"allow":["GET"]}}],"collection":[{"href":"http:\/\/shilton.com.ar\/eng\/wp-json\/wp\/v2\/pages"}],"about":[{"href":"http:\/\/shilton.com.ar\/eng\/wp-json\/wp\/v2\/types\/page"}],"author":[{"embeddable":true,"href":"http:\/\/shilton.com.ar\/eng\/wp-json\/wp\/v2\/users\/1"}],"replies":[{"embeddable":true,"href":"http:\/\/shilton.com.ar\/eng\/wp-json\/wp\/v2\/comments?post=1496"}],"version-history":[{"count":16,"href":"http:\/\/shilton.com.ar\/eng\/wp-json\/wp\/v2\/pages\/1496\/revisions"}],"predecessor-version":[{"id":2396,"href":"http:\/\/shilton.com.ar\/eng\/wp-json\/wp\/v2\/pages\/1496\/revisions\/2396"}],"wp:attachment":[{"href":"http:\/\/shilton.com.ar\/eng\/wp-json\/wp\/v2\/media?parent=1496"}],"curies":[{"name":"wp","href":"https:\/\/api.w.org\/{rel}","templated":true}]}}